{"id":1757,"date":"2024-01-30T12:52:29","date_gmt":"2024-01-30T12:52:29","guid":{"rendered":"https:\/\/ladorec.hu\/?page_id=1757"},"modified":"2025-07-09T06:16:10","modified_gmt":"2025-07-09T06:16:10","slug":"2015-06-20","status":"publish","type":"page","link":"https:\/\/ladorec.hu\/en\/2015-06-20\/","title":{"rendered":"Logistics administrators on a site visit"},"content":{"rendered":"<h3>Logistics administrators on a site visit<\/h3>\n<p><img loading=\"lazy\" decoding=\"async\" class=\"alignnone wp-image-1756\" src=\"https:\/\/ladorec.hu\/wp-content\/uploads\/2024\/01\/img_sajto_01.jpg\" alt=\"\" width=\"1017\" height=\"610\" srcset=\"https:\/\/ladorec.hu\/wp-content\/uploads\/2024\/01\/img_sajto_01.jpg 500w, https:\/\/ladorec.hu\/wp-content\/uploads\/2024\/01\/img_sajto_01-300x180.jpg 300w, https:\/\/ladorec.hu\/wp-content\/uploads\/2024\/01\/img_sajto_01-125x75.jpg 125w, https:\/\/ladorec.hu\/wp-content\/uploads\/2024\/01\/img_sajto_01-480x288.jpg 480w\" sizes=\"(max-width:767px) 480px, (max-width:1017px) 100vw, 1017px\" \/><\/p>\n<p>The pupils of class 13.b gained useful experience.<\/p>\n<p>Iskol\u00e1nk logisztikai \u00fcgyint\u00e9z\u0151 szakmacsoportos oszt\u00e1ly\u00e1val 2015. j\u00fanius 8-\u00e1n egy nagyon \u00e9rdekes tanulm\u00e1nyi kir\u00e1ndul\u00e1son vett\u00fcnk r\u00e9szt a balotasz\u00e1ll\u00e1si sz\u00e9khely\u0171 Lad\u00f3-Rec Kft-n\u00e9l. A csal\u00e1di v\u00e1llalkoz\u00e1st 1992-ben Lad\u00f3czki Istv\u00e1n \u00e9s feles\u00e9ge alap\u00edtott\u00e1k Lad\u00f3 Bt. n\u00e9ven. K\u00e9s\u0151bb, ahogy b\u0151v\u00fcltek \u00e9s sz\u00e9lesedtek a partnerkapcsolatok, a v\u00e1llalkoz\u00e1s neve Lad\u00f3-Rec Kft-re v\u00e1ltozott \u00e9s 2012. \u00f3ta \u00fcgyvezet\u0151k\u00e9nt a mindennapi ir\u00e1ny\u00edt\u00e1si \u00e9s c\u00e9gvezet\u00e9si feladatokba bekapcsol\u00f3dtak a gyermekeik: Lad\u00f3czki Istv\u00e1n \u00e9s Lad\u00f3czki M\u00e1ria.<\/p>\n<p>A c\u00e9g f\u0151 tev\u00e9kenys\u00e9g\u00e9vel a hullad\u00e9kfeldolgoz\u00e1si, hullad\u00e9kkezel\u00e9si, irat- \u00e9s adathordoz\u00f3 megsemmis\u00edt\u00e9si piac egyik elismert szerepl\u0151j\u00e9v\u00e9 v\u00e1lt Magyarorsz\u00e1gon. A fiatal \u2013 t\u00f6bb nyelven besz\u00e9l\u0151, fels\u0151fok\u00fa v\u00e9gzetts\u00e9ggel rendelkez\u0151 \u2013 testv\u00e9rp\u00e1r nagyon szeml\u00e9letes p\u00e9ld\u00e1ul szolg\u00e1lt tanul\u00f3ink sz\u00e1m\u00e1ra, hogy a tud\u00e1s \u00e9s az al\u00e1zatos, kitart\u00f3 munka mennyire n\u00e9lk\u00fcl\u00f6zhetetlen tartoz\u00e9ka a mindennapi piaci jelenl\u00e9tnek \u00e9s versenyben val\u00f3 fennmarad\u00e1snak.<\/p>\n<p>A j\u00f6v\u0151 logisztikusait nagy szeretettel fogadt\u00e1k, t\u00fcrelemmel \u00e9s szak\u00e9rtelemmel v\u00e1laszoltak a tanul\u00f3k \u00e1ltal el\u0151re \u00f6sszegy\u0171jt\u00f6tt k\u00e9rd\u00e9sekre. C\u00e9gismertet\u0151j\u00fckb\u0151l megtudhattuk, hogy az \u00e9vek sor\u00e1n megtermelt profitot a kezdetekt\u0151l visszaforgatj\u00e1k a v\u00e1llalkoz\u00e1sba, a folyamatos b\u0151v\u00fcl\u00e9sen \u00e9s fejl\u0151d\u00e9sen t\u00fal nagy hangs\u00falyt helyeznek az \u00fcgyf\u00e9l-el\u00e9gedetts\u00e9gre. Sz\u00e1mukra mindig a megrendel\u0151 partner az els\u0151, akiknek hat\u00e9konyan \u00e9s gyorsan igyekeznek szolg\u00e1ltat\u00e1st ny\u00fajtani.<\/p>\n<p>Jelenleg kb. 900 partner\u00fck van: \u00e1llami, mag\u00e1n ill. egy\u00e9b c\u00e9gekt\u0151l kapj\u00e1k a megrendel\u00e9st az irataik elsz\u00e1ll\u00edt\u00e1s\u00e1ra \u00e9s megsemmis\u00edt\u00e9s\u00e9re. A bizalmas iratkezel\u00e9s (iratmegsemmis\u00edt\u00e9si tev\u00e9kenys\u00e9g) miatt sz\u00e1mos szigor\u00fa t\u00f6rv\u00e9nyi \u00e9s hat\u00f3s\u00e1gi el\u0151\u00edr\u00e1snak kell megfelelni\u00fck. A feldolgozott hullad\u00e9kot \u00fajrahasznos\u00edt\u00f3 helyre viszik, itt sz\u00e1mos k\u00fclf\u00f6ldi gy\u00e1rral \u00e1llnak kapcsolatban. Jelenleg kb. 700 tonna a havi feldolgozotts\u00e1g, ami csak javulni fog a k\u00f6zelj\u00f6v\u0151ben, mivel egy 55 MFt \u00f6sszeg\u0171 beruh\u00e1z\u00e1si p\u00e1ly\u00e1zattal hamarosan \u00fczembe \u00e1ll\u00edtj\u00e1k egy \u00faj \u00e9p\u00edt\u00e9s\u0171 csarnokban az \u00faj b\u00e1l\u00e1z\u00f3 g\u00e9pet.<\/p>\n<p>A hullad\u00e9k-kezel\u00e9s \u00e9s feldolgoz\u00e1s a logisztik\u00e1nak egy nagyon fontos ter\u00fclete. \u00c9rdekes volt sz\u00e1munkra nem csak elm\u00e9letben megismerni ezt a ter\u00fcletet, hanem a gyakorlatban is v\u00e9gigk\u00f6vetni a hullad\u00e9k-gazd\u00e1lkod\u00e1snak a teljes folyamat\u00e1t a (az iratok telepre sz\u00e1ll\u00edt\u00e1s\u00e1t\u00f3l kezdve a megsemmis\u00edtett iratok \u00fajrahasznos\u00edt\u00e1si lehet\u0151s\u00e9geivel bez\u00e1r\u00f3an).<\/p>\n<p>Az \u00fczeml\u00e1togat\u00e1st k\u00f6vet\u0151en tanul\u00f3ink nagyon pozit\u00edvan nyilatkoztak a frissen szerzett tapasztalataikr\u00f3l.<\/p>\n<p>K\u00f6sz\u00f6nj\u00fck iskol\u00e1nknak, hogy lehet\u0151s\u00e9get adott nek\u00fcnk erre a szakmai kir\u00e1ndul\u00e1sra \u00e9s k\u00f6sz\u00f6nj\u00fck vend\u00e9gl\u00e1t\u00f3inknak a mindenre kiterjed\u0151 t\u00e1j\u00e9koztat\u00e1st.<\/p>\n<p><i>Balanyin\u00e9 Mosolyg\u00f3 J\u00falia<\/i><\/p>\n<p><a href=\"http:\/\/www.teko.hu\/index.php\/hirek1\/egyeb-hirek\/2064-uezemlatogatason-a-logisztikai-uegyintezok\">Forr\u00e1s<\/a><\/p>","protected":false},"excerpt":{"rendered":"<p>\u00dczeml\u00e1togat\u00e1son a logisztikai \u00fcgyint\u00e9z\u0151k Hasznos tapasztalatokkal gazdagodtak a 13.b oszt\u00e1lyos tanul\u00f3k. Iskol\u00e1nk<span class=\"excerpt-hellip\"> [\u2026]<\/span><\/p>","protected":false},"author":1,"featured_media":0,"parent":0,"menu_order":0,"comment_status":"closed","ping_status":"closed","template":"","meta":{"footnotes":"","_wp_rev_ctl_limit":""},"class_list":["post-1757","page","type-page","status-publish","hentry"],"yoast_head":"<!-- This site is optimized with the Yoast SEO Premium plugin v23.2 (Yoast SEO v23.5) - https:\/\/yoast.com\/wordpress\/plugins\/seo\/ -->\n<title>\u00dczeml\u00e1togat\u00e1son a logisztikai \u00fcgyint\u00e9z\u0151k - https:\/\/ladorec.hu<\/title>\n<meta name=\"description\" content=\"Egyszer\u0171 a k\u00fcldet\u00e9s\u00fcnk \u2013 egy \u00e9lhet\u0151bb \u00e9s jobb j\u00f6v\u0151\u00e9rt dolgozunk!\" \/>\n<meta name=\"robots\" content=\"index, follow, max-snippet:-1, max-image-preview:large, max-video-preview:-1\" \/>\n<link rel=\"canonical\" href=\"https:\/\/ladorec.hu\/en\/2015-06-20\/\" \/>\n<meta property=\"og:locale\" content=\"en_GB\" \/>\n<meta property=\"og:type\" content=\"article\" \/>\n<meta property=\"og:title\" content=\"\u00dczeml\u00e1togat\u00e1son a logisztikai \u00fcgyint\u00e9z\u0151k\" \/>\n<meta property=\"og:description\" content=\"Egyszer\u0171 a k\u00fcldet\u00e9s\u00fcnk \u2013 egy \u00e9lhet\u0151bb \u00e9s jobb j\u00f6v\u0151\u00e9rt dolgozunk!\" \/>\n<meta property=\"og:url\" content=\"https:\/\/ladorec.hu\/en\/2015-06-20\/\" \/>\n<meta property=\"og:site_name\" content=\"https:\/\/ladorec.hu\" \/>\n<meta property=\"article:publisher\" content=\"https:\/\/www.facebook.com\/ladorec\/\" \/>\n<meta property=\"article:modified_time\" content=\"2025-07-09T06:16:10+00:00\" \/>\n<meta property=\"og:image\" content=\"https:\/\/ladorec.hu\/wp-content\/uploads\/2024\/01\/img_sajto_01.jpg\" \/>\n<meta name=\"twitter:card\" content=\"summary_large_image\" \/>\n<meta name=\"twitter:label1\" content=\"Estimated reading time\" \/>\n\t<meta name=\"twitter:data1\" content=\"2 minutes\" \/>\n<script type=\"application\/ld+json\" class=\"yoast-schema-graph\">{\"@context\":\"https:\/\/schema.org\",\"@graph\":[{\"@type\":\"WebPage\",\"@id\":\"https:\/\/ladorec.hu\/2015-06-20\/\",\"url\":\"https:\/\/ladorec.hu\/2015-06-20\/\",\"name\":\"\u00dczeml\u00e1togat\u00e1son a logisztikai \u00fcgyint\u00e9z\u0151k - https:\/\/ladorec.hu\",\"isPartOf\":{\"@id\":\"https:\/\/ladorec.hu\/#website\"},\"primaryImageOfPage\":{\"@id\":\"https:\/\/ladorec.hu\/2015-06-20\/#primaryimage\"},\"image\":{\"@id\":\"https:\/\/ladorec.hu\/2015-06-20\/#primaryimage\"},\"thumbnailUrl\":\"https:\/\/ladorec.hu\/wp-content\/uploads\/2024\/01\/img_sajto_01.jpg\",\"datePublished\":\"2024-01-30T12:52:29+00:00\",\"dateModified\":\"2025-07-09T06:16:10+00:00\",\"description\":\"Egyszer\u0171 a k\u00fcldet\u00e9s\u00fcnk \u2013 egy \u00e9lhet\u0151bb \u00e9s jobb j\u00f6v\u0151\u00e9rt dolgozunk!\",\"breadcrumb\":{\"@id\":\"https:\/\/ladorec.hu\/2015-06-20\/#breadcrumb\"},\"inLanguage\":\"en-GB\",\"potentialAction\":[{\"@type\":\"ReadAction\",\"target\":[\"https:\/\/ladorec.hu\/2015-06-20\/\"]}]},{\"@type\":\"ImageObject\",\"inLanguage\":\"en-GB\",\"@id\":\"https:\/\/ladorec.hu\/2015-06-20\/#primaryimage\",\"url\":\"https:\/\/ladorec.hu\/wp-content\/uploads\/2024\/01\/img_sajto_01.jpg\",\"contentUrl\":\"https:\/\/ladorec.hu\/wp-content\/uploads\/2024\/01\/img_sajto_01.jpg\"},{\"@type\":\"BreadcrumbList\",\"@id\":\"https:\/\/ladorec.hu\/2015-06-20\/#breadcrumb\",\"itemListElement\":[{\"@type\":\"ListItem\",\"position\":1,\"name\":\"Kezd\u0151lap\",\"item\":\"https:\/\/ladorec.hu\/\"},{\"@type\":\"ListItem\",\"position\":2,\"name\":\"\u00dczeml\u00e1togat\u00e1son a logisztikai \u00fcgyint\u00e9z\u0151k\"}]},{\"@type\":\"WebSite\",\"@id\":\"https:\/\/ladorec.hu\/#website\",\"url\":\"https:\/\/ladorec.hu\/\",\"name\":\"Lad\u00f3-Rec Kft.\",\"description\":\"Egyszer\u0171 a k\u00fcldet\u00e9s\u00fcnk \u2013 egy \u00e9lhet\u0151bb \u00e9s jobb j\u00f6v\u0151\u00e9rt dolgozunk!\",\"publisher\":{\"@id\":\"https:\/\/ladorec.hu\/#organization\"},\"alternateName\":\"ladorec.hu\",\"potentialAction\":[{\"@type\":\"SearchAction\",\"target\":{\"@type\":\"EntryPoint\",\"urlTemplate\":\"https:\/\/ladorec.hu\/?s={search_term_string}\"},\"query-input\":{\"@type\":\"PropertyValueSpecification\",\"valueRequired\":true,\"valueName\":\"search_term_string\"}}],\"inLanguage\":\"en-GB\"},{\"@type\":\"Organization\",\"@id\":\"https:\/\/ladorec.hu\/#organization\",\"name\":\"Lad\u00f3-Rec Kft.\",\"url\":\"https:\/\/ladorec.hu\/\",\"logo\":{\"@type\":\"ImageObject\",\"inLanguage\":\"en-GB\",\"@id\":\"https:\/\/ladorec.hu\/#\/schema\/logo\/image\/\",\"url\":\"https:\/\/ladorec.hu\/wp-content\/uploads\/2024\/08\/logo-1.png\",\"contentUrl\":\"https:\/\/ladorec.hu\/wp-content\/uploads\/2024\/08\/logo-1.png\",\"width\":64,\"height\":64,\"caption\":\"Lad\u00f3-Rec Kft.\"},\"image\":{\"@id\":\"https:\/\/ladorec.hu\/#\/schema\/logo\/image\/\"},\"sameAs\":[\"https:\/\/www.facebook.com\/ladorec\/\"]}]}<\/script>\n<!-- \/ Yoast SEO Premium plugin. -->","yoast_head_json":{"title":"\u00dczeml\u00e1togat\u00e1son a logisztikai \u00fcgyint\u00e9z\u0151k - https:\/\/ladorec.hu","description":"Egyszer\u0171 a k\u00fcldet\u00e9s\u00fcnk \u2013 egy \u00e9lhet\u0151bb \u00e9s jobb j\u00f6v\u0151\u00e9rt dolgozunk!","robots":{"index":"index","follow":"follow","max-snippet":"max-snippet:-1","max-image-preview":"max-image-preview:large","max-video-preview":"max-video-preview:-1"},"canonical":"https:\/\/ladorec.hu\/en\/2015-06-20\/","og_locale":"en_GB","og_type":"article","og_title":"\u00dczeml\u00e1togat\u00e1son a logisztikai \u00fcgyint\u00e9z\u0151k","og_description":"Egyszer\u0171 a k\u00fcldet\u00e9s\u00fcnk \u2013 egy \u00e9lhet\u0151bb \u00e9s jobb j\u00f6v\u0151\u00e9rt dolgozunk!","og_url":"https:\/\/ladorec.hu\/en\/2015-06-20\/","og_site_name":"https:\/\/ladorec.hu","article_publisher":"https:\/\/www.facebook.com\/ladorec\/","article_modified_time":"2025-07-09T06:16:10+00:00","og_image":[{"url":"https:\/\/ladorec.hu\/wp-content\/uploads\/2024\/01\/img_sajto_01.jpg"}],"twitter_card":"summary_large_image","twitter_misc":{"Estimated reading time":"2 minutes"},"schema":{"@context":"https:\/\/schema.org","@graph":[{"@type":"WebPage","@id":"https:\/\/ladorec.hu\/2015-06-20\/","url":"https:\/\/ladorec.hu\/2015-06-20\/","name":"\u00dczeml\u00e1togat\u00e1son a logisztikai \u00fcgyint\u00e9z\u0151k - https:\/\/ladorec.hu","isPartOf":{"@id":"https:\/\/ladorec.hu\/#website"},"primaryImageOfPage":{"@id":"https:\/\/ladorec.hu\/2015-06-20\/#primaryimage"},"image":{"@id":"https:\/\/ladorec.hu\/2015-06-20\/#primaryimage"},"thumbnailUrl":"https:\/\/ladorec.hu\/wp-content\/uploads\/2024\/01\/img_sajto_01.jpg","datePublished":"2024-01-30T12:52:29+00:00","dateModified":"2025-07-09T06:16:10+00:00","description":"Egyszer\u0171 a k\u00fcldet\u00e9s\u00fcnk \u2013 egy \u00e9lhet\u0151bb \u00e9s jobb j\u00f6v\u0151\u00e9rt dolgozunk!","breadcrumb":{"@id":"https:\/\/ladorec.hu\/2015-06-20\/#breadcrumb"},"inLanguage":"en-GB","potentialAction":[{"@type":"ReadAction","target":["https:\/\/ladorec.hu\/2015-06-20\/"]}]},{"@type":"ImageObject","inLanguage":"en-GB","@id":"https:\/\/ladorec.hu\/2015-06-20\/#primaryimage","url":"https:\/\/ladorec.hu\/wp-content\/uploads\/2024\/01\/img_sajto_01.jpg","contentUrl":"https:\/\/ladorec.hu\/wp-content\/uploads\/2024\/01\/img_sajto_01.jpg"},{"@type":"BreadcrumbList","@id":"https:\/\/ladorec.hu\/2015-06-20\/#breadcrumb","itemListElement":[{"@type":"ListItem","position":1,"name":"Kezd\u0151lap","item":"https:\/\/ladorec.hu\/"},{"@type":"ListItem","position":2,"name":"\u00dczeml\u00e1togat\u00e1son a logisztikai \u00fcgyint\u00e9z\u0151k"}]},{"@type":"WebSite","@id":"https:\/\/ladorec.hu\/#website","url":"https:\/\/ladorec.hu\/","name":"Lad\u00f3-Rec Kft.","description":"Egyszer\u0171 a k\u00fcldet\u00e9s\u00fcnk \u2013 egy \u00e9lhet\u0151bb \u00e9s jobb j\u00f6v\u0151\u00e9rt dolgozunk!","publisher":{"@id":"https:\/\/ladorec.hu\/#organization"},"alternateName":"ladorec.hu","potentialAction":[{"@type":"SearchAction","target":{"@type":"EntryPoint","urlTemplate":"https:\/\/ladorec.hu\/?s={search_term_string}"},"query-input":{"@type":"PropertyValueSpecification","valueRequired":true,"valueName":"search_term_string"}}],"inLanguage":"en-GB"},{"@type":"Organization","@id":"https:\/\/ladorec.hu\/#organization","name":"Lad\u00f3-Rec Kft.","url":"https:\/\/ladorec.hu\/","logo":{"@type":"ImageObject","inLanguage":"en-GB","@id":"https:\/\/ladorec.hu\/#\/schema\/logo\/image\/","url":"https:\/\/ladorec.hu\/wp-content\/uploads\/2024\/08\/logo-1.png","contentUrl":"https:\/\/ladorec.hu\/wp-content\/uploads\/2024\/08\/logo-1.png","width":64,"height":64,"caption":"Lad\u00f3-Rec Kft."},"image":{"@id":"https:\/\/ladorec.hu\/#\/schema\/logo\/image\/"},"sameAs":["https:\/\/www.facebook.com\/ladorec\/"]}]}},"_links":{"self":[{"href":"https:\/\/ladorec.hu\/en\/wp-json\/wp\/v2\/pages\/1757"}],"collection":[{"href":"https:\/\/ladorec.hu\/en\/wp-json\/wp\/v2\/pages"}],"about":[{"href":"https:\/\/ladorec.hu\/en\/wp-json\/wp\/v2\/types\/page"}],"author":[{"embeddable":true,"href":"https:\/\/ladorec.hu\/en\/wp-json\/wp\/v2\/users\/1"}],"replies":[{"embeddable":true,"href":"https:\/\/ladorec.hu\/en\/wp-json\/wp\/v2\/comments?post=1757"}],"version-history":[{"count":3,"href":"https:\/\/ladorec.hu\/en\/wp-json\/wp\/v2\/pages\/1757\/revisions"}],"predecessor-version":[{"id":1915,"href":"https:\/\/ladorec.hu\/en\/wp-json\/wp\/v2\/pages\/1757\/revisions\/1915"}],"wp:attachment":[{"href":"https:\/\/ladorec.hu\/en\/wp-json\/wp\/v2\/media?parent=1757"}],"curies":[{"name":"wp","href":"https:\/\/api.w.org\/{rel}","templated":true}]}}