{"id":1749,"date":"2024-01-30T12:49:41","date_gmt":"2024-01-30T12:49:41","guid":{"rendered":"https:\/\/ladorec.hu\/?page_id=1749"},"modified":"2024-01-30T12:50:12","modified_gmt":"2024-01-30T12:50:12","slug":"2016-08-15","status":"publish","type":"page","link":"https:\/\/ladorec.hu\/en\/2016-08-15\/","title":{"rendered":"2016.08.15"},"content":{"rendered":"<h3>\u00c9des-M\u00e9zes S\u00e1tort\u00e1bor &#8211; Gy\u00e1rl\u00e1togat\u00e1s<\/h3>\n<p><img loading=\"lazy\" decoding=\"async\" class=\"alignnone size-full wp-image-1748\" src=\"https:\/\/ladorec.hu\/wp-content\/uploads\/2024\/01\/s1250005.jpg\" alt=\"\" width=\"1200\" height=\"675\" srcset=\"https:\/\/ladorec.hu\/wp-content\/uploads\/2024\/01\/s1250005.jpg 1200w, https:\/\/ladorec.hu\/wp-content\/uploads\/2024\/01\/s1250005-300x169.jpg 300w, https:\/\/ladorec.hu\/wp-content\/uploads\/2024\/01\/s1250005-1030x579.jpg 1030w, https:\/\/ladorec.hu\/wp-content\/uploads\/2024\/01\/s1250005-768x432.jpg 768w, https:\/\/ladorec.hu\/wp-content\/uploads\/2024\/01\/s1250005-133x75.jpg 133w, https:\/\/ladorec.hu\/wp-content\/uploads\/2024\/01\/s1250005-480x270.jpg 480w\" sizes=\"(max-width:767px) 480px, (max-width:1200px) 100vw, 1200px\" \/><\/p>\n<p>Tisztelt Uram!<\/p>\n<p>Az \u00c9des -M\u00e9zes S\u00e1tort\u00e1bor tanul\u00f3i sz\u00e1m\u00e1ra igazi \u00e9lm\u00e9nyt, k\u00e9zzelfoghat\u00f3 tud\u00e1sanyagot jelentett gy\u00e1ruk bemutat\u00e1sa. H\u00e1l\u00e1nk jel\u00e9\u00fcl, k\u00e9rj\u00fck, sz\u00edveskedjenek elfogadni ezeket az \u00d6n\u00f6kn\u00e9l k\u00e9sz\u00fclt k\u00e9peket, amiket sz\u00edveskedjen megosztani, kedves \u00c9desapj\u00e1val is!<\/p>\n<p>Nagyon sz\u00e9pen k\u00f6sz\u00f6n\u00f6nj\u00fck a r\u00e1nk ford\u00edtott id\u0151t, a r\u00e9szletes magyar\u00e1zatot, \u00e9s a mindenre kiterjed\u0151 igaz\u00e1n sz\u00edv\u00e9lyes vend\u00e9gfogad\u00e1st!<\/p>\n<p>Munk\u00e1jukhoz tov\u00e1bbra is sok er\u0151t, eg\u00e9szs\u00e9get, kiv\u00e1l\u00f3 lehet\u0151s\u00e9geket, \u00e9s az emberi, term\u00e9szet\u00f3v\u00f3 \u00e9rt\u00e9kek tov\u00e1bbi p\u00e9lda\u00e9rt\u00e9k\u0171 terjeszt\u00e9s\u00e9t k\u00edv\u00e1njuk szeretettel!<\/p>\n<p>A t\u00e1bor nev\u00e9ben, \u0151szinte tisztelettel:<\/p>\n<p><i>Csik\u00f3s Szilvia &#8211; pedag\u00f3gus<\/i><\/p>","protected":false},"excerpt":{"rendered":"<p>\u00c9des-M\u00e9zes S\u00e1tort\u00e1bor &#8211; Gy\u00e1rl\u00e1togat\u00e1s Tisztelt Uram! Az \u00c9des -M\u00e9zes S\u00e1tort\u00e1bor tanul\u00f3i sz\u00e1m\u00e1ra<span class=\"excerpt-hellip\"> [\u2026]<\/span><\/p>","protected":false},"author":1,"featured_media":0,"parent":0,"menu_order":0,"comment_status":"closed","ping_status":"closed","template":"","meta":{"footnotes":"","_wp_rev_ctl_limit":""},"class_list":["post-1749","page","type-page","status-publish","hentry"],"yoast_head":"<!-- This site is optimized with the Yoast SEO Premium plugin v23.2 (Yoast SEO v23.5) - https:\/\/yoast.com\/wordpress\/plugins\/seo\/ -->\n<title>2016.08.15 - https:\/\/ladorec.hu<\/title>\n<meta name=\"description\" content=\"Egyszer\u0171 a k\u00fcldet\u00e9s\u00fcnk \u2013 egy \u00e9lhet\u0151bb \u00e9s jobb j\u00f6v\u0151\u00e9rt dolgozunk!\" \/>\n<meta name=\"robots\" content=\"index, follow, max-snippet:-1, max-image-preview:large, max-video-preview:-1\" \/>\n<link rel=\"canonical\" href=\"https:\/\/ladorec.hu\/en\/2016-08-15\/\" \/>\n<meta property=\"og:locale\" content=\"en_GB\" \/>\n<meta property=\"og:type\" content=\"article\" \/>\n<meta property=\"og:title\" content=\"2016.08.15\" \/>\n<meta property=\"og:description\" content=\"Egyszer\u0171 a k\u00fcldet\u00e9s\u00fcnk \u2013 egy \u00e9lhet\u0151bb \u00e9s jobb j\u00f6v\u0151\u00e9rt dolgozunk!\" \/>\n<meta property=\"og:url\" content=\"https:\/\/ladorec.hu\/en\/2016-08-15\/\" \/>\n<meta property=\"og:site_name\" content=\"https:\/\/ladorec.hu\" \/>\n<meta property=\"article:publisher\" content=\"https:\/\/www.facebook.com\/ladorec\/\" \/>\n<meta property=\"article:modified_time\" content=\"2024-01-30T12:50:12+00:00\" \/>\n<meta property=\"og:image\" content=\"https:\/\/ladorec.hu\/wp-content\/uploads\/2024\/01\/s1250005.jpg\" \/>\n<meta name=\"twitter:card\" content=\"summary_large_image\" \/>\n<meta name=\"twitter:label1\" content=\"Estimated reading time\" \/>\n\t<meta name=\"twitter:data1\" content=\"1 minute\" \/>\n<script type=\"application\/ld+json\" class=\"yoast-schema-graph\">{\"@context\":\"https:\/\/schema.org\",\"@graph\":[{\"@type\":\"WebPage\",\"@id\":\"https:\/\/ladorec.hu\/2016-08-15\/\",\"url\":\"https:\/\/ladorec.hu\/2016-08-15\/\",\"name\":\"2016.08.15 - https:\/\/ladorec.hu\",\"isPartOf\":{\"@id\":\"https:\/\/ladorec.hu\/#website\"},\"primaryImageOfPage\":{\"@id\":\"https:\/\/ladorec.hu\/2016-08-15\/#primaryimage\"},\"image\":{\"@id\":\"https:\/\/ladorec.hu\/2016-08-15\/#primaryimage\"},\"thumbnailUrl\":\"https:\/\/ladorec.hu\/wp-content\/uploads\/2024\/01\/s1250005.jpg\",\"datePublished\":\"2024-01-30T12:49:41+00:00\",\"dateModified\":\"2024-01-30T12:50:12+00:00\",\"description\":\"Egyszer\u0171 a k\u00fcldet\u00e9s\u00fcnk \u2013 egy \u00e9lhet\u0151bb \u00e9s jobb j\u00f6v\u0151\u00e9rt dolgozunk!\",\"breadcrumb\":{\"@id\":\"https:\/\/ladorec.hu\/2016-08-15\/#breadcrumb\"},\"inLanguage\":\"en-GB\",\"potentialAction\":[{\"@type\":\"ReadAction\",\"target\":[\"https:\/\/ladorec.hu\/2016-08-15\/\"]}]},{\"@type\":\"ImageObject\",\"inLanguage\":\"en-GB\",\"@id\":\"https:\/\/ladorec.hu\/2016-08-15\/#primaryimage\",\"url\":\"https:\/\/ladorec.hu\/wp-content\/uploads\/2024\/01\/s1250005.jpg\",\"contentUrl\":\"https:\/\/ladorec.hu\/wp-content\/uploads\/2024\/01\/s1250005.jpg\"},{\"@type\":\"BreadcrumbList\",\"@id\":\"https:\/\/ladorec.hu\/2016-08-15\/#breadcrumb\",\"itemListElement\":[{\"@type\":\"ListItem\",\"position\":1,\"name\":\"Kezd\u0151lap\",\"item\":\"https:\/\/ladorec.hu\/\"},{\"@type\":\"ListItem\",\"position\":2,\"name\":\"2016.08.15\"}]},{\"@type\":\"WebSite\",\"@id\":\"https:\/\/ladorec.hu\/#website\",\"url\":\"https:\/\/ladorec.hu\/\",\"name\":\"Lad\u00f3-Rec Kft.\",\"description\":\"Egyszer\u0171 a k\u00fcldet\u00e9s\u00fcnk \u2013 egy \u00e9lhet\u0151bb \u00e9s jobb j\u00f6v\u0151\u00e9rt dolgozunk!\",\"publisher\":{\"@id\":\"https:\/\/ladorec.hu\/#organization\"},\"alternateName\":\"ladorec.hu\",\"potentialAction\":[{\"@type\":\"SearchAction\",\"target\":{\"@type\":\"EntryPoint\",\"urlTemplate\":\"https:\/\/ladorec.hu\/?s={search_term_string}\"},\"query-input\":{\"@type\":\"PropertyValueSpecification\",\"valueRequired\":true,\"valueName\":\"search_term_string\"}}],\"inLanguage\":\"en-GB\"},{\"@type\":\"Organization\",\"@id\":\"https:\/\/ladorec.hu\/#organization\",\"name\":\"Lad\u00f3-Rec Kft.\",\"url\":\"https:\/\/ladorec.hu\/\",\"logo\":{\"@type\":\"ImageObject\",\"inLanguage\":\"en-GB\",\"@id\":\"https:\/\/ladorec.hu\/#\/schema\/logo\/image\/\",\"url\":\"https:\/\/ladorec.hu\/wp-content\/uploads\/2024\/08\/logo-1.png\",\"contentUrl\":\"https:\/\/ladorec.hu\/wp-content\/uploads\/2024\/08\/logo-1.png\",\"width\":64,\"height\":64,\"caption\":\"Lad\u00f3-Rec Kft.\"},\"image\":{\"@id\":\"https:\/\/ladorec.hu\/#\/schema\/logo\/image\/\"},\"sameAs\":[\"https:\/\/www.facebook.com\/ladorec\/\"]}]}<\/script>\n<!-- \/ Yoast SEO Premium plugin. -->","yoast_head_json":{"title":"2016.08.15 - https:\/\/ladorec.hu","description":"Egyszer\u0171 a k\u00fcldet\u00e9s\u00fcnk \u2013 egy \u00e9lhet\u0151bb \u00e9s jobb j\u00f6v\u0151\u00e9rt dolgozunk!","robots":{"index":"index","follow":"follow","max-snippet":"max-snippet:-1","max-image-preview":"max-image-preview:large","max-video-preview":"max-video-preview:-1"},"canonical":"https:\/\/ladorec.hu\/en\/2016-08-15\/","og_locale":"en_GB","og_type":"article","og_title":"2016.08.15","og_description":"Egyszer\u0171 a k\u00fcldet\u00e9s\u00fcnk \u2013 egy \u00e9lhet\u0151bb \u00e9s jobb j\u00f6v\u0151\u00e9rt dolgozunk!","og_url":"https:\/\/ladorec.hu\/en\/2016-08-15\/","og_site_name":"https:\/\/ladorec.hu","article_publisher":"https:\/\/www.facebook.com\/ladorec\/","article_modified_time":"2024-01-30T12:50:12+00:00","og_image":[{"url":"https:\/\/ladorec.hu\/wp-content\/uploads\/2024\/01\/s1250005.jpg"}],"twitter_card":"summary_large_image","twitter_misc":{"Estimated reading time":"1 minute"},"schema":{"@context":"https:\/\/schema.org","@graph":[{"@type":"WebPage","@id":"https:\/\/ladorec.hu\/2016-08-15\/","url":"https:\/\/ladorec.hu\/2016-08-15\/","name":"2016.08.15 - https:\/\/ladorec.hu","isPartOf":{"@id":"https:\/\/ladorec.hu\/#website"},"primaryImageOfPage":{"@id":"https:\/\/ladorec.hu\/2016-08-15\/#primaryimage"},"image":{"@id":"https:\/\/ladorec.hu\/2016-08-15\/#primaryimage"},"thumbnailUrl":"https:\/\/ladorec.hu\/wp-content\/uploads\/2024\/01\/s1250005.jpg","datePublished":"2024-01-30T12:49:41+00:00","dateModified":"2024-01-30T12:50:12+00:00","description":"Egyszer\u0171 a k\u00fcldet\u00e9s\u00fcnk \u2013 egy \u00e9lhet\u0151bb \u00e9s jobb j\u00f6v\u0151\u00e9rt dolgozunk!","breadcrumb":{"@id":"https:\/\/ladorec.hu\/2016-08-15\/#breadcrumb"},"inLanguage":"en-GB","potentialAction":[{"@type":"ReadAction","target":["https:\/\/ladorec.hu\/2016-08-15\/"]}]},{"@type":"ImageObject","inLanguage":"en-GB","@id":"https:\/\/ladorec.hu\/2016-08-15\/#primaryimage","url":"https:\/\/ladorec.hu\/wp-content\/uploads\/2024\/01\/s1250005.jpg","contentUrl":"https:\/\/ladorec.hu\/wp-content\/uploads\/2024\/01\/s1250005.jpg"},{"@type":"BreadcrumbList","@id":"https:\/\/ladorec.hu\/2016-08-15\/#breadcrumb","itemListElement":[{"@type":"ListItem","position":1,"name":"Kezd\u0151lap","item":"https:\/\/ladorec.hu\/"},{"@type":"ListItem","position":2,"name":"2016.08.15"}]},{"@type":"WebSite","@id":"https:\/\/ladorec.hu\/#website","url":"https:\/\/ladorec.hu\/","name":"Lad\u00f3-Rec Kft.","description":"Egyszer\u0171 a k\u00fcldet\u00e9s\u00fcnk \u2013 egy \u00e9lhet\u0151bb \u00e9s jobb j\u00f6v\u0151\u00e9rt dolgozunk!","publisher":{"@id":"https:\/\/ladorec.hu\/#organization"},"alternateName":"ladorec.hu","potentialAction":[{"@type":"SearchAction","target":{"@type":"EntryPoint","urlTemplate":"https:\/\/ladorec.hu\/?s={search_term_string}"},"query-input":{"@type":"PropertyValueSpecification","valueRequired":true,"valueName":"search_term_string"}}],"inLanguage":"en-GB"},{"@type":"Organization","@id":"https:\/\/ladorec.hu\/#organization","name":"Lad\u00f3-Rec Kft.","url":"https:\/\/ladorec.hu\/","logo":{"@type":"ImageObject","inLanguage":"en-GB","@id":"https:\/\/ladorec.hu\/#\/schema\/logo\/image\/","url":"https:\/\/ladorec.hu\/wp-content\/uploads\/2024\/08\/logo-1.png","contentUrl":"https:\/\/ladorec.hu\/wp-content\/uploads\/2024\/08\/logo-1.png","width":64,"height":64,"caption":"Lad\u00f3-Rec Kft."},"image":{"@id":"https:\/\/ladorec.hu\/#\/schema\/logo\/image\/"},"sameAs":["https:\/\/www.facebook.com\/ladorec\/"]}]}},"_links":{"self":[{"href":"https:\/\/ladorec.hu\/en\/wp-json\/wp\/v2\/pages\/1749"}],"collection":[{"href":"https:\/\/ladorec.hu\/en\/wp-json\/wp\/v2\/pages"}],"about":[{"href":"https:\/\/ladorec.hu\/en\/wp-json\/wp\/v2\/types\/page"}],"author":[{"embeddable":true,"href":"https:\/\/ladorec.hu\/en\/wp-json\/wp\/v2\/users\/1"}],"replies":[{"embeddable":true,"href":"https:\/\/ladorec.hu\/en\/wp-json\/wp\/v2\/comments?post=1749"}],"version-history":[{"count":2,"href":"https:\/\/ladorec.hu\/en\/wp-json\/wp\/v2\/pages\/1749\/revisions"}],"predecessor-version":[{"id":1751,"href":"https:\/\/ladorec.hu\/en\/wp-json\/wp\/v2\/pages\/1749\/revisions\/1751"}],"wp:attachment":[{"href":"https:\/\/ladorec.hu\/en\/wp-json\/wp\/v2\/media?parent=1749"}],"curies":[{"name":"wp","href":"https:\/\/api.w.org\/{rel}","templated":true}]}}