{"id":1744,"date":"2024-01-30T12:48:19","date_gmt":"2024-01-30T12:48:19","guid":{"rendered":"https:\/\/ladorec.hu\/?page_id=1744"},"modified":"2024-01-30T12:48:19","modified_gmt":"2024-01-30T12:48:19","slug":"2016-12-14","status":"publish","type":"page","link":"https:\/\/ladorec.hu\/en\/2016-12-14\/","title":{"rendered":"2016.12.14"},"content":{"rendered":"<h3>Balotasz\u00e1ll\u00e1si sikerc\u00e9gvezet\u0151 el\u0151ad\u00e1sa a g\u00f6d\u00f6ll\u0151i egyetemen<\/h3>\n<p><img loading=\"lazy\" decoding=\"async\" class=\"alignnone  wp-image-1745\" src=\"https:\/\/ladorec.hu\/wp-content\/uploads\/2024\/01\/15494158_1341425215890495_1949417453_n-620x330-1-1.jpg\" alt=\"\" width=\"1439\" height=\"766\" srcset=\"https:\/\/ladorec.hu\/wp-content\/uploads\/2024\/01\/15494158_1341425215890495_1949417453_n-620x330-1-1.jpg 620w, https:\/\/ladorec.hu\/wp-content\/uploads\/2024\/01\/15494158_1341425215890495_1949417453_n-620x330-1-1-300x160.jpg 300w, https:\/\/ladorec.hu\/wp-content\/uploads\/2024\/01\/15494158_1341425215890495_1949417453_n-620x330-1-1-141x75.jpg 141w, https:\/\/ladorec.hu\/wp-content\/uploads\/2024\/01\/15494158_1341425215890495_1949417453_n-620x330-1-1-480x255.jpg 480w\" sizes=\"(max-width:767px) 480px, (max-width:1439px) 100vw, 1439px\" \/><\/p>\n<p>Hagyom\u00e1ny, hogy minden \u00e9vben ny\u00edlt napon mutatj\u00e1k be az \u00e9rdekl\u0151d\u0151 hallgat\u00f3knak a g\u00f6d\u00f6ll\u0151i Szent Istv\u00e1n Egyetemen bevezetett \u201ep\u00e9nzpszichol\u00f3gia\u201d tant\u00e1rgy fel\u00e9p\u00edt\u00e9s\u00e9t, m\u0171k\u00f6d\u00e9s\u00e9t. A ny\u00edlt nap \u00e9rdekess\u00e9ge, hogy minden alkalommal megh\u00edvnak v\u00e1llalkoz\u00f3kat is, hogy a di\u00e1kok ne csak az elm\u00e9leti alapvet\u00e9sekkel, hanem a gyakorlati \u00e9letb\u0151l ad\u00f3d\u00f3 probl\u00e9mamegold\u00f3 magatart\u00e1ssal is tal\u00e1lkozhassanak. Lad\u00f3czki Istv\u00e1n, a balotasz\u00e1ll\u00e1si LAD\u00d3-REC kft. nyugalmazott vezet\u0151je volt az idei rendezv\u00e9ny egyik el\u0151ad\u00f3ja, aki bemutatta azt a folyamatot, melynek sor\u00e1n a kis csal\u00e1di v\u00e1llalkoz\u00e1sb\u00f3l, m\u00e1ra m\u00e1r az iratmegsemmis\u00edt\u00e9s, pap\u00edrhullad\u00e9k kezel\u00e9s ter\u00e9n az egyik orsz\u00e1gosan is ismert \u00e9s elismert c\u00e9gg\u00e9 n\u0151tte ki mag\u00e1t a v\u00e1llalatuk.<\/p>\n<p>A \u201eMindennapi p\u00e9nz\u00fcgyi viselked\u00e9s pszichol\u00f3gi\u00e1ja\u201d c\u00edmmel vezet egy kurzust imm\u00e1r hatodik \u00e9ve dr. M\u00e9sz\u00e1ros Aranka int\u00e9zetigazgat\u00f3 helyettes, egyetemi docens a Szent Istv\u00e1n Egyetem Gazdas\u00e1gtudom\u00e1nyi Kar\u00e1nak T\u00e1rsadalomtudom\u00e1nyi \u00e9s Tan\u00e1rk\u00e9pz\u0151 int\u00e9zet\u00e9ben. Ez a t\u00e1rgy egy jelent\u0151s hallgat\u00f3i \u00e9rdekl\u0151d\u00e9s mellett meghirdetett, szabadon v\u00e1laszthat\u00f3 \u201eC\u201d szak a g\u00f6d\u00f6ll\u0151i egyetemen.<\/p>\n<p>Az idei ny\u00edlt napon is sok \u00e9rdekes t\u00e9ma hangzott el, t\u00f6bbek k\u00f6z\u00f6tt a \u201epapabankr\u00f3l\u201d, mellyel a gyermekeket lehet kiskorukt\u00f3l a tudatos p\u00e9nzfelhaszn\u00e1l\u00e1sra nevelni, az \u00e9let\u00fcnk sor\u00e1n benn\u00fcnk lezajl\u00f3, \u00e9s eg\u00e9sz \u00e9let\u00fcnket befoly\u00e1sol\u00f3 \u201ep\u00e9nz\u00fcgyi szocializ\u00e1ci\u00f3r\u00f3l\u201d \u00e9s az ennek sor\u00e1n kialakul\u00f3 fontosabb p\u00e9nz\u00fcgyi alapt\u00edpusokr\u00f3l, vagy a mindennapi \u2013 tudatos \u2013 p\u00e9nzgazd\u00e1lkod\u00e1sunkat megk\u00f6nny\u00edt\u0151 modern applik\u00e1ci\u00f3s alkalmaz\u00e1sok el\u0151nyeir\u0151l (\u00e9s persze h\u00e1tr\u00e1nyair\u00f3l is!).<\/p>\n<p>Felmer\u00fcltek \u00e9rdekes k\u00e9rd\u00e9sek is: J\u00f3l \u00e9rzi-e mag\u00e1t a p\u00e9nzem a p\u00e9nzt\u00e1rc\u00e1mban? K\u00e1p\u00e9, vagy k\u00e1rtya? Kik azok a \u201ep\u00e9nz\u00fcgyi ragadoz\u00f3k\u201d, hogyan szabadulhatunk meg t\u0151l\u00fck, hogyan cs\u00f6kkenthetj\u00fck befoly\u00e1sukat? Van-e specifikum a n\u0151i \u00e9s a f\u00e9rfi \u201ev\u00e1llalkoz\u00f3-szellem \u00e9s attit\u0171d\u201d k\u00f6z\u00f6tt? Mi a k\u00fcl\u00f6nbs\u00e9g az anyagi v\u00e9detts\u00e9g \u00e9s az anyagi biztons\u00e1g k\u00f6z\u00f6tt? A p\u00e9nzem ural engem, vagy \u00e9n ir\u00e1ny\u00edtom a saj\u00e1t gazd\u00e1lkod\u00e1somat? Kock\u00e1zat, vagy biztons\u00e1g?<\/p>\n<p>(Akit b\u0151vebben \u00e9rdekelnek egyes k\u00e9rd\u00e9sek, a tananyag tartalma, menete, az itt let\u00f6lthet\u0151 tanulm\u00e1nyban tov\u00e1bbi \u00e9rdekes adal\u00e9kokat tal\u00e1lhat!)<\/p>\n<p>A ny\u00edlt nap \u00e9rdekess\u00e9ge, hogy minden alkalommal megh\u00edvnak egy-k\u00e9t akt\u00edv v\u00e1llalkoz\u00f3t is, hogy a hallgat\u00f3k ne csak az elm\u00e9leti alapvet\u00e9sekkel, hanem a gyakorlati \u00e9letb\u0151l ad\u00f3d\u00f3 probl\u00e9mamegold\u00f3 magatart\u00e1ssal, is tal\u00e1lkozhassanak. Ebben az \u00e9vben az egyik el\u0151ad\u00f3 a balotasz\u00e1ll\u00e1si\/kiskunhalasi Lad\u00f3czki Istv\u00e1n, a LAD\u00d3-REC kft. nyugalmazott vezet\u0151je volt.<\/p>\n<p>Az \u00fczletember el\u0151ad\u00e1s\u00e1ban bemutatta azt a folyamatot, melynek sor\u00e1n a kis csal\u00e1di v\u00e1llalkoz\u00e1sb\u00f3l, m\u00e1ra m\u00e1r az iratmegsemmis\u00edt\u00e9s, pap\u00edrhullad\u00e9k kezel\u00e9s ter\u00e9n az egyik orsz\u00e1gosan is ismert \u00e9s elismert c\u00e9g\u00e9v\u00e9 n\u0151tte ki mag\u00e1t a v\u00e1llalatuk. Besz\u00e9lt a csal\u00e1di h\u00e1tt\u00e9r fontoss\u00e1g\u00e1r\u00f3l, mely n\u00e9lk\u00fcl egyetlen v\u00e1llalkoz\u00f3 sem \u00e9rezheti mag\u00e1t stabilnak a \u201ezord \u00fczleti vil\u00e1gban\u201d. Ezen a ter\u00fcleten alapelv\u00e1r\u00e1s az eg\u00e9sz \u00e9leten \u00e1t val\u00f3 tanul\u00e1s, \u00e9s bizony ma m\u00e1r idegennyelv-ismeret n\u00e9lk\u00fcl nem lehet jelen az ember a piacon.<\/p>\n<p>Aki belekezd egy gazdas\u00e1gi v\u00e1llalkoz\u00e1sba, annak alaposan fel kell k\u00e9sz\u00fclni a \u201ehat\u00f3s\u00e1gok elv\u00e1r\u00e1saira\u201d is. Ennek hangs\u00falyoz\u00e1sa els\u0151re t\u00falz\u00e1snak t\u0171nik, \u00e9s val\u00f3ban igaz, hogy sok-sok int\u00e9zked\u00e9sre sz\u00fcks\u00e9g van, de bizony nem ritk\u00e1n el\u0151fordul, amikor egy indokolatlanul elhamarkodott beavatkoz\u00e1s, vagy k\u00e9sedelmes d\u00f6nt\u00e9s nem csak az adott c\u00e9g m\u0171k\u00f6d\u00e9s\u00e9t akad\u00e1lyozza feleslegesen, de komoly hat\u00e1st gyakorol csal\u00e1dok, emberek egzisztenci\u00e1j\u00e1ra, vagy egy v\u00e1llalat j\u00f3 h\u00edrnev\u00e9t \u2013 ami Lad\u00f3czki Istv\u00e1n szerint az egyik legfontosabb \u2013 teszi kock\u00e1ra.<\/p>\n<p>A mai helyzetben is el\u0151fordulhat egy banki cs\u0151helyzet, egy \u2013 nem a partnereknek kedvez\u0151 \u2013 p\u00e9nz\u00fcgyi man\u0151ver, amire fel kell k\u00e9sz\u00fclni, \u00e9s a \u201et\u00f6bb l\u00e1bon \u00e1ll\u00e1s\u201d is alapk\u00f6vetelm\u00e9ny att\u00f3l, aki v\u00e1llalkoz\u00e1son t\u00f6ri a fej\u00e9t. Ugyanakkor a gazdas\u00e1gi tev\u00e9kenys\u00e9g nem \u201ecsak p\u00e9nzszerz\u00e9sr\u0151l sz\u00f3l\u201d, annak, aki ezt hivat\u00e1sb\u00f3l csin\u00e1lja, megadja az alkot\u00e1s \u00f6r\u00f6m\u00e9t is, azt a bels\u0151 motiv\u00e1ci\u00f3t, ami mindig el\u0151re \u00e9s el\u0151re viszi a jobb megold\u00e1sok fel\u00e9, \u00e9s a \u201et\u00e1rsadalmi hasznoss\u00e1g\u201d \u00e9rz\u00e9s\u00e9t is \u2013 hangs\u00falyozta a szakember.<\/p>\n<p>K\u00fcl\u00f6n sz\u00f3lt arr\u00f3l, hogy szerencs\u00e9s az, aki \u2013 f\u0151k\u00e9nt, ha m\u00e1r csal\u00e1di v\u00e1llalkoz\u00e1sr\u00f3l van sz\u00f3 \u2013 az akt\u00edv p\u00e1ly\u00e1ja v\u00e9ge fel\u00e9 \u00e1tadhatja gyermekeinek az \u00e1ltala ki\u00e9p\u00edtett c\u00e9get. A hallgat\u00f3k nagy \u00e9rdekl\u0151d\u00e9ssel fogadt\u00e1k az \u00e9lm\u00e9nyszer\u0171 el\u0151ad\u00e1st \u00e9s sok k\u00e9rd\u00e9st tettek fel, amire a szakember \u0151szint\u00e9n \u2013 id\u0151nk\u00e9nt k\u00e9telyeit is megosztva az \u00e9rdekl\u0151d\u0151kkel \u2013 v\u00e1laszolt, nem megker\u00fclve a \u201dk\u00e9nyes\u201d t\u00e9m\u00e1kat sem. Felmer\u00fclt annak lehet\u0151s\u00e9ge is, hogy Kiskunhalason is szervezzenek hasonl\u00f3, a \u201ep\u00e9nz\u00fcgyi tudatoss\u00e1gr\u00f3l\u201d sz\u00f3l\u00f3 rendezv\u00e9nyt, ahol sikeres \u00fczletemberek, v\u00e1llalkoz\u00f3k konzult\u00e1ci\u00f3 keretein bel\u00fcl megoszthatj\u00e1k tapasztalataikat.<\/p>\n<p><i>Tud\u00f3s\u00edt\u00f3nkt\u00f3l<\/i><\/p>\n<p><a href=\"http:\/\/halasinfo.hu\/balotaszallasi-sikercegvezeto-eloadasa-a-godolloi-egyetemen\/\">Forr\u00e1s<\/a><\/p>","protected":false},"excerpt":{"rendered":"<p>Balotasz\u00e1ll\u00e1si sikerc\u00e9gvezet\u0151 el\u0151ad\u00e1sa a g\u00f6d\u00f6ll\u0151i egyetemen Hagyom\u00e1ny, hogy minden \u00e9vben ny\u00edlt napon<span class=\"excerpt-hellip\"> [\u2026]<\/span><\/p>","protected":false},"author":1,"featured_media":0,"parent":0,"menu_order":0,"comment_status":"closed","ping_status":"closed","template":"","meta":{"footnotes":"","_wp_rev_ctl_limit":""},"class_list":["post-1744","page","type-page","status-publish","hentry"],"yoast_head":"<!-- This site is optimized with the Yoast SEO Premium plugin v23.2 (Yoast SEO v23.5) - https:\/\/yoast.com\/wordpress\/plugins\/seo\/ -->\n<title>2016.12.14 - https:\/\/ladorec.hu<\/title>\n<meta name=\"description\" content=\"Egyszer\u0171 a k\u00fcldet\u00e9s\u00fcnk \u2013 egy \u00e9lhet\u0151bb \u00e9s jobb j\u00f6v\u0151\u00e9rt dolgozunk!\" \/>\n<meta name=\"robots\" content=\"index, follow, max-snippet:-1, max-image-preview:large, max-video-preview:-1\" \/>\n<link rel=\"canonical\" href=\"https:\/\/ladorec.hu\/en\/2016-12-14\/\" \/>\n<meta property=\"og:locale\" content=\"en_GB\" \/>\n<meta property=\"og:type\" content=\"article\" \/>\n<meta property=\"og:title\" content=\"2016.12.14\" \/>\n<meta property=\"og:description\" content=\"Egyszer\u0171 a k\u00fcldet\u00e9s\u00fcnk \u2013 egy \u00e9lhet\u0151bb \u00e9s jobb j\u00f6v\u0151\u00e9rt dolgozunk!\" \/>\n<meta property=\"og:url\" content=\"https:\/\/ladorec.hu\/en\/2016-12-14\/\" \/>\n<meta property=\"og:site_name\" content=\"https:\/\/ladorec.hu\" \/>\n<meta property=\"article:publisher\" content=\"https:\/\/www.facebook.com\/ladorec\/\" \/>\n<meta property=\"og:image\" content=\"https:\/\/ladorec.hu\/wp-content\/uploads\/2024\/01\/15494158_1341425215890495_1949417453_n-620x330-1-1.jpg\" \/>\n<meta name=\"twitter:card\" content=\"summary_large_image\" \/>\n<meta name=\"twitter:label1\" content=\"Estimated reading time\" \/>\n\t<meta name=\"twitter:data1\" content=\"5 minutes\" \/>\n<script type=\"application\/ld+json\" class=\"yoast-schema-graph\">{\"@context\":\"https:\/\/schema.org\",\"@graph\":[{\"@type\":\"WebPage\",\"@id\":\"https:\/\/ladorec.hu\/2016-12-14\/\",\"url\":\"https:\/\/ladorec.hu\/2016-12-14\/\",\"name\":\"2016.12.14 - https:\/\/ladorec.hu\",\"isPartOf\":{\"@id\":\"https:\/\/ladorec.hu\/#website\"},\"primaryImageOfPage\":{\"@id\":\"https:\/\/ladorec.hu\/2016-12-14\/#primaryimage\"},\"image\":{\"@id\":\"https:\/\/ladorec.hu\/2016-12-14\/#primaryimage\"},\"thumbnailUrl\":\"https:\/\/ladorec.hu\/wp-content\/uploads\/2024\/01\/15494158_1341425215890495_1949417453_n-620x330-1-1.jpg\",\"datePublished\":\"2024-01-30T12:48:19+00:00\",\"dateModified\":\"2024-01-30T12:48:19+00:00\",\"description\":\"Egyszer\u0171 a k\u00fcldet\u00e9s\u00fcnk \u2013 egy \u00e9lhet\u0151bb \u00e9s jobb j\u00f6v\u0151\u00e9rt dolgozunk!\",\"breadcrumb\":{\"@id\":\"https:\/\/ladorec.hu\/2016-12-14\/#breadcrumb\"},\"inLanguage\":\"en-GB\",\"potentialAction\":[{\"@type\":\"ReadAction\",\"target\":[\"https:\/\/ladorec.hu\/2016-12-14\/\"]}]},{\"@type\":\"ImageObject\",\"inLanguage\":\"en-GB\",\"@id\":\"https:\/\/ladorec.hu\/2016-12-14\/#primaryimage\",\"url\":\"https:\/\/ladorec.hu\/wp-content\/uploads\/2024\/01\/15494158_1341425215890495_1949417453_n-620x330-1-1.jpg\",\"contentUrl\":\"https:\/\/ladorec.hu\/wp-content\/uploads\/2024\/01\/15494158_1341425215890495_1949417453_n-620x330-1-1.jpg\"},{\"@type\":\"BreadcrumbList\",\"@id\":\"https:\/\/ladorec.hu\/2016-12-14\/#breadcrumb\",\"itemListElement\":[{\"@type\":\"ListItem\",\"position\":1,\"name\":\"Kezd\u0151lap\",\"item\":\"https:\/\/ladorec.hu\/\"},{\"@type\":\"ListItem\",\"position\":2,\"name\":\"2016.12.14\"}]},{\"@type\":\"WebSite\",\"@id\":\"https:\/\/ladorec.hu\/#website\",\"url\":\"https:\/\/ladorec.hu\/\",\"name\":\"Lad\u00f3-Rec Kft.\",\"description\":\"Egyszer\u0171 a k\u00fcldet\u00e9s\u00fcnk \u2013 egy \u00e9lhet\u0151bb \u00e9s jobb j\u00f6v\u0151\u00e9rt dolgozunk!\",\"publisher\":{\"@id\":\"https:\/\/ladorec.hu\/#organization\"},\"alternateName\":\"ladorec.hu\",\"potentialAction\":[{\"@type\":\"SearchAction\",\"target\":{\"@type\":\"EntryPoint\",\"urlTemplate\":\"https:\/\/ladorec.hu\/?s={search_term_string}\"},\"query-input\":{\"@type\":\"PropertyValueSpecification\",\"valueRequired\":true,\"valueName\":\"search_term_string\"}}],\"inLanguage\":\"en-GB\"},{\"@type\":\"Organization\",\"@id\":\"https:\/\/ladorec.hu\/#organization\",\"name\":\"Lad\u00f3-Rec Kft.\",\"url\":\"https:\/\/ladorec.hu\/\",\"logo\":{\"@type\":\"ImageObject\",\"inLanguage\":\"en-GB\",\"@id\":\"https:\/\/ladorec.hu\/#\/schema\/logo\/image\/\",\"url\":\"https:\/\/ladorec.hu\/wp-content\/uploads\/2024\/08\/logo-1.png\",\"contentUrl\":\"https:\/\/ladorec.hu\/wp-content\/uploads\/2024\/08\/logo-1.png\",\"width\":64,\"height\":64,\"caption\":\"Lad\u00f3-Rec Kft.\"},\"image\":{\"@id\":\"https:\/\/ladorec.hu\/#\/schema\/logo\/image\/\"},\"sameAs\":[\"https:\/\/www.facebook.com\/ladorec\/\"]}]}<\/script>\n<!-- \/ Yoast SEO Premium plugin. -->","yoast_head_json":{"title":"2016.12.14 - https:\/\/ladorec.hu","description":"Egyszer\u0171 a k\u00fcldet\u00e9s\u00fcnk \u2013 egy \u00e9lhet\u0151bb \u00e9s jobb j\u00f6v\u0151\u00e9rt dolgozunk!","robots":{"index":"index","follow":"follow","max-snippet":"max-snippet:-1","max-image-preview":"max-image-preview:large","max-video-preview":"max-video-preview:-1"},"canonical":"https:\/\/ladorec.hu\/en\/2016-12-14\/","og_locale":"en_GB","og_type":"article","og_title":"2016.12.14","og_description":"Egyszer\u0171 a k\u00fcldet\u00e9s\u00fcnk \u2013 egy \u00e9lhet\u0151bb \u00e9s jobb j\u00f6v\u0151\u00e9rt dolgozunk!","og_url":"https:\/\/ladorec.hu\/en\/2016-12-14\/","og_site_name":"https:\/\/ladorec.hu","article_publisher":"https:\/\/www.facebook.com\/ladorec\/","og_image":[{"url":"https:\/\/ladorec.hu\/wp-content\/uploads\/2024\/01\/15494158_1341425215890495_1949417453_n-620x330-1-1.jpg"}],"twitter_card":"summary_large_image","twitter_misc":{"Estimated reading time":"5 minutes"},"schema":{"@context":"https:\/\/schema.org","@graph":[{"@type":"WebPage","@id":"https:\/\/ladorec.hu\/2016-12-14\/","url":"https:\/\/ladorec.hu\/2016-12-14\/","name":"2016.12.14 - https:\/\/ladorec.hu","isPartOf":{"@id":"https:\/\/ladorec.hu\/#website"},"primaryImageOfPage":{"@id":"https:\/\/ladorec.hu\/2016-12-14\/#primaryimage"},"image":{"@id":"https:\/\/ladorec.hu\/2016-12-14\/#primaryimage"},"thumbnailUrl":"https:\/\/ladorec.hu\/wp-content\/uploads\/2024\/01\/15494158_1341425215890495_1949417453_n-620x330-1-1.jpg","datePublished":"2024-01-30T12:48:19+00:00","dateModified":"2024-01-30T12:48:19+00:00","description":"Egyszer\u0171 a k\u00fcldet\u00e9s\u00fcnk \u2013 egy \u00e9lhet\u0151bb \u00e9s jobb j\u00f6v\u0151\u00e9rt dolgozunk!","breadcrumb":{"@id":"https:\/\/ladorec.hu\/2016-12-14\/#breadcrumb"},"inLanguage":"en-GB","potentialAction":[{"@type":"ReadAction","target":["https:\/\/ladorec.hu\/2016-12-14\/"]}]},{"@type":"ImageObject","inLanguage":"en-GB","@id":"https:\/\/ladorec.hu\/2016-12-14\/#primaryimage","url":"https:\/\/ladorec.hu\/wp-content\/uploads\/2024\/01\/15494158_1341425215890495_1949417453_n-620x330-1-1.jpg","contentUrl":"https:\/\/ladorec.hu\/wp-content\/uploads\/2024\/01\/15494158_1341425215890495_1949417453_n-620x330-1-1.jpg"},{"@type":"BreadcrumbList","@id":"https:\/\/ladorec.hu\/2016-12-14\/#breadcrumb","itemListElement":[{"@type":"ListItem","position":1,"name":"Kezd\u0151lap","item":"https:\/\/ladorec.hu\/"},{"@type":"ListItem","position":2,"name":"2016.12.14"}]},{"@type":"WebSite","@id":"https:\/\/ladorec.hu\/#website","url":"https:\/\/ladorec.hu\/","name":"Lad\u00f3-Rec Kft.","description":"Egyszer\u0171 a k\u00fcldet\u00e9s\u00fcnk \u2013 egy \u00e9lhet\u0151bb \u00e9s jobb j\u00f6v\u0151\u00e9rt dolgozunk!","publisher":{"@id":"https:\/\/ladorec.hu\/#organization"},"alternateName":"ladorec.hu","potentialAction":[{"@type":"SearchAction","target":{"@type":"EntryPoint","urlTemplate":"https:\/\/ladorec.hu\/?s={search_term_string}"},"query-input":{"@type":"PropertyValueSpecification","valueRequired":true,"valueName":"search_term_string"}}],"inLanguage":"en-GB"},{"@type":"Organization","@id":"https:\/\/ladorec.hu\/#organization","name":"Lad\u00f3-Rec Kft.","url":"https:\/\/ladorec.hu\/","logo":{"@type":"ImageObject","inLanguage":"en-GB","@id":"https:\/\/ladorec.hu\/#\/schema\/logo\/image\/","url":"https:\/\/ladorec.hu\/wp-content\/uploads\/2024\/08\/logo-1.png","contentUrl":"https:\/\/ladorec.hu\/wp-content\/uploads\/2024\/08\/logo-1.png","width":64,"height":64,"caption":"Lad\u00f3-Rec Kft."},"image":{"@id":"https:\/\/ladorec.hu\/#\/schema\/logo\/image\/"},"sameAs":["https:\/\/www.facebook.com\/ladorec\/"]}]}},"_links":{"self":[{"href":"https:\/\/ladorec.hu\/en\/wp-json\/wp\/v2\/pages\/1744"}],"collection":[{"href":"https:\/\/ladorec.hu\/en\/wp-json\/wp\/v2\/pages"}],"about":[{"href":"https:\/\/ladorec.hu\/en\/wp-json\/wp\/v2\/types\/page"}],"author":[{"embeddable":true,"href":"https:\/\/ladorec.hu\/en\/wp-json\/wp\/v2\/users\/1"}],"replies":[{"embeddable":true,"href":"https:\/\/ladorec.hu\/en\/wp-json\/wp\/v2\/comments?post=1744"}],"version-history":[{"count":1,"href":"https:\/\/ladorec.hu\/en\/wp-json\/wp\/v2\/pages\/1744\/revisions"}],"predecessor-version":[{"id":1746,"href":"https:\/\/ladorec.hu\/en\/wp-json\/wp\/v2\/pages\/1744\/revisions\/1746"}],"wp:attachment":[{"href":"https:\/\/ladorec.hu\/en\/wp-json\/wp\/v2\/media?parent=1744"}],"curies":[{"name":"wp","href":"https:\/\/api.w.org\/{rel}","templated":true}]}}