{"id":1720,"date":"2024-01-30T12:30:00","date_gmt":"2024-01-30T12:30:00","guid":{"rendered":"https:\/\/ladorec.hu\/?page_id=1720"},"modified":"2024-01-30T12:31:34","modified_gmt":"2024-01-30T12:31:34","slug":"2019-10-01","status":"publish","type":"page","link":"https:\/\/ladorec.hu\/en\/2019-10-01\/","title":{"rendered":"2019.10.01."},"content":{"rendered":"<h3>Large groups from Balotasz\u00e1ll\u00e1s Kindergarten visited our company<\/h3>\n<p><img loading=\"lazy\" decoding=\"async\" class=\"alignnone size-full wp-image-1722\" src=\"https:\/\/ladorec.hu\/wp-content\/uploads\/2024\/01\/ovisok-1.jpg\" alt=\"\" width=\"960\" height=\"761\" srcset=\"https:\/\/ladorec.hu\/wp-content\/uploads\/2024\/01\/ovisok-1.jpg 960w, https:\/\/ladorec.hu\/wp-content\/uploads\/2024\/01\/ovisok-1-300x238.jpg 300w, https:\/\/ladorec.hu\/wp-content\/uploads\/2024\/01\/ovisok-1-768x609.jpg 768w, https:\/\/ladorec.hu\/wp-content\/uploads\/2024\/01\/ovisok-1-95x75.jpg 95w, https:\/\/ladorec.hu\/wp-content\/uploads\/2024\/01\/ovisok-1-480x381.jpg 480w\" sizes=\"(max-width:767px) 480px, (max-width:960px) 100vw, 960px\" \/><\/p>\n<p>Nagy szeretettel k\u00f6sz\u00f6nt\u00f6tt\u00fck t\u00e1rsas\u00e1gunkn\u00e1l a Balotasz\u00e1ll\u00e1si \u00d3voda nagycsoportosait \u00e9s a k\u00eds\u00e9r\u0151 \u00f3v\u00f3 n\u00e9niket a mai napon! \ud83d\ude42<\/p>\n<p>Nagyon fontosnak tartjuk a tudatos k\u00f6rnyezetv\u00e9delmi nevel\u00e9st, \u00edgy \u00f6r\u00f6mmel mutattuk meg a tev\u00e9kenys\u00e9g\u00fcnket!<\/p>\n<p>A gyerekek nagyon \u00e9rdekl\u0151d\u0151ek voltak, mi pedig pr\u00f3b\u00e1ltunk mindent megmutatni, elmagyar\u00e1zni &#8211; \u00edgy a v\u00e9g\u00e9re igencsak elf\u00e1radtak! \ud83d\ude42<\/p>\n<p>Igaz\u00e1n j\u00f3 \u00e9rz\u00e9s volt \u0151ket vend\u00e9g\u00fcl l\u00e1tni, k\u00f6sz\u00f6nj\u00fck a bizalmat, \u00e9s a kedves kis k\u00e9zzel k\u00e9sz\u00edtett aj\u00e1nd\u00e9kot!<\/p>\n<p>Term\u00e9szetesen tov\u00e1bbra is v\u00e1rjuk szeretettel az \u00e9rdekl\u0151d\u0151ket!<\/p>\n<p><a href=\"https:\/\/www.facebook.com\/ladorec\/posts\/444386152872098\">Facebook<\/a><\/p>","protected":false},"excerpt":{"rendered":"<p>Balotasz\u00e1ll\u00e1si \u00d3voda nagycsoportosai megl\u00e1togatt\u00e1k c\u00e9g\u00fcnket Nagy szeretettel k\u00f6sz\u00f6nt\u00f6tt\u00fck t\u00e1rsas\u00e1gunkn\u00e1l a Balotasz\u00e1ll\u00e1si \u00d3voda<span class=\"excerpt-hellip\"> [\u2026]<\/span><\/p>","protected":false},"author":1,"featured_media":0,"parent":0,"menu_order":0,"comment_status":"closed","ping_status":"closed","template":"","meta":{"footnotes":"","_wp_rev_ctl_limit":""},"class_list":["post-1720","page","type-page","status-publish","hentry"],"yoast_head":"<!-- This site is optimized with the Yoast SEO Premium plugin v23.2 (Yoast SEO v23.5) - https:\/\/yoast.com\/wordpress\/plugins\/seo\/ -->\n<title>2019.10.01. - https:\/\/ladorec.hu<\/title>\n<meta name=\"description\" content=\"Egyszer\u0171 a k\u00fcldet\u00e9s\u00fcnk \u2013 egy \u00e9lhet\u0151bb \u00e9s jobb j\u00f6v\u0151\u00e9rt dolgozunk!\" \/>\n<meta name=\"robots\" content=\"index, follow, max-snippet:-1, max-image-preview:large, max-video-preview:-1\" \/>\n<link rel=\"canonical\" href=\"https:\/\/ladorec.hu\/en\/2019-10-01\/\" \/>\n<meta property=\"og:locale\" content=\"en_GB\" \/>\n<meta property=\"og:type\" content=\"article\" \/>\n<meta property=\"og:title\" content=\"2019.10.01.\" \/>\n<meta property=\"og:description\" content=\"Egyszer\u0171 a k\u00fcldet\u00e9s\u00fcnk \u2013 egy \u00e9lhet\u0151bb \u00e9s jobb j\u00f6v\u0151\u00e9rt dolgozunk!\" \/>\n<meta property=\"og:url\" content=\"https:\/\/ladorec.hu\/en\/2019-10-01\/\" \/>\n<meta property=\"og:site_name\" content=\"https:\/\/ladorec.hu\" \/>\n<meta property=\"article:publisher\" content=\"https:\/\/www.facebook.com\/ladorec\/\" \/>\n<meta property=\"article:modified_time\" content=\"2024-01-30T12:31:34+00:00\" \/>\n<meta property=\"og:image\" content=\"https:\/\/ladorec.hu\/wp-content\/uploads\/2024\/01\/ovisok-1.jpg\" \/>\n<meta name=\"twitter:card\" content=\"summary_large_image\" \/>\n<meta name=\"twitter:label1\" content=\"Estimated reading time\" \/>\n\t<meta name=\"twitter:data1\" content=\"1 minute\" \/>\n<script type=\"application\/ld+json\" class=\"yoast-schema-graph\">{\"@context\":\"https:\/\/schema.org\",\"@graph\":[{\"@type\":\"WebPage\",\"@id\":\"https:\/\/ladorec.hu\/2019-10-01\/\",\"url\":\"https:\/\/ladorec.hu\/2019-10-01\/\",\"name\":\"2019.10.01. - https:\/\/ladorec.hu\",\"isPartOf\":{\"@id\":\"https:\/\/ladorec.hu\/#website\"},\"primaryImageOfPage\":{\"@id\":\"https:\/\/ladorec.hu\/2019-10-01\/#primaryimage\"},\"image\":{\"@id\":\"https:\/\/ladorec.hu\/2019-10-01\/#primaryimage\"},\"thumbnailUrl\":\"https:\/\/ladorec.hu\/wp-content\/uploads\/2024\/01\/ovisok-1.jpg\",\"datePublished\":\"2024-01-30T12:30:00+00:00\",\"dateModified\":\"2024-01-30T12:31:34+00:00\",\"description\":\"Egyszer\u0171 a k\u00fcldet\u00e9s\u00fcnk \u2013 egy \u00e9lhet\u0151bb \u00e9s jobb j\u00f6v\u0151\u00e9rt dolgozunk!\",\"breadcrumb\":{\"@id\":\"https:\/\/ladorec.hu\/2019-10-01\/#breadcrumb\"},\"inLanguage\":\"en-GB\",\"potentialAction\":[{\"@type\":\"ReadAction\",\"target\":[\"https:\/\/ladorec.hu\/2019-10-01\/\"]}]},{\"@type\":\"ImageObject\",\"inLanguage\":\"en-GB\",\"@id\":\"https:\/\/ladorec.hu\/2019-10-01\/#primaryimage\",\"url\":\"https:\/\/ladorec.hu\/wp-content\/uploads\/2024\/01\/ovisok-1.jpg\",\"contentUrl\":\"https:\/\/ladorec.hu\/wp-content\/uploads\/2024\/01\/ovisok-1.jpg\"},{\"@type\":\"BreadcrumbList\",\"@id\":\"https:\/\/ladorec.hu\/2019-10-01\/#breadcrumb\",\"itemListElement\":[{\"@type\":\"ListItem\",\"position\":1,\"name\":\"Kezd\u0151lap\",\"item\":\"https:\/\/ladorec.hu\/\"},{\"@type\":\"ListItem\",\"position\":2,\"name\":\"2019.10.01.\"}]},{\"@type\":\"WebSite\",\"@id\":\"https:\/\/ladorec.hu\/#website\",\"url\":\"https:\/\/ladorec.hu\/\",\"name\":\"Lad\u00f3-Rec Kft.\",\"description\":\"Egyszer\u0171 a k\u00fcldet\u00e9s\u00fcnk \u2013 egy \u00e9lhet\u0151bb \u00e9s jobb j\u00f6v\u0151\u00e9rt dolgozunk!\",\"publisher\":{\"@id\":\"https:\/\/ladorec.hu\/#organization\"},\"alternateName\":\"ladorec.hu\",\"potentialAction\":[{\"@type\":\"SearchAction\",\"target\":{\"@type\":\"EntryPoint\",\"urlTemplate\":\"https:\/\/ladorec.hu\/?s={search_term_string}\"},\"query-input\":{\"@type\":\"PropertyValueSpecification\",\"valueRequired\":true,\"valueName\":\"search_term_string\"}}],\"inLanguage\":\"en-GB\"},{\"@type\":\"Organization\",\"@id\":\"https:\/\/ladorec.hu\/#organization\",\"name\":\"Lad\u00f3-Rec Kft.\",\"url\":\"https:\/\/ladorec.hu\/\",\"logo\":{\"@type\":\"ImageObject\",\"inLanguage\":\"en-GB\",\"@id\":\"https:\/\/ladorec.hu\/#\/schema\/logo\/image\/\",\"url\":\"https:\/\/ladorec.hu\/wp-content\/uploads\/2024\/08\/logo-1.png\",\"contentUrl\":\"https:\/\/ladorec.hu\/wp-content\/uploads\/2024\/08\/logo-1.png\",\"width\":64,\"height\":64,\"caption\":\"Lad\u00f3-Rec Kft.\"},\"image\":{\"@id\":\"https:\/\/ladorec.hu\/#\/schema\/logo\/image\/\"},\"sameAs\":[\"https:\/\/www.facebook.com\/ladorec\/\"]}]}<\/script>\n<!-- \/ Yoast SEO Premium plugin. -->","yoast_head_json":{"title":"2019.10.01. - https:\/\/ladorec.hu","description":"Egyszer\u0171 a k\u00fcldet\u00e9s\u00fcnk \u2013 egy \u00e9lhet\u0151bb \u00e9s jobb j\u00f6v\u0151\u00e9rt dolgozunk!","robots":{"index":"index","follow":"follow","max-snippet":"max-snippet:-1","max-image-preview":"max-image-preview:large","max-video-preview":"max-video-preview:-1"},"canonical":"https:\/\/ladorec.hu\/en\/2019-10-01\/","og_locale":"en_GB","og_type":"article","og_title":"2019.10.01.","og_description":"Egyszer\u0171 a k\u00fcldet\u00e9s\u00fcnk \u2013 egy \u00e9lhet\u0151bb \u00e9s jobb j\u00f6v\u0151\u00e9rt dolgozunk!","og_url":"https:\/\/ladorec.hu\/en\/2019-10-01\/","og_site_name":"https:\/\/ladorec.hu","article_publisher":"https:\/\/www.facebook.com\/ladorec\/","article_modified_time":"2024-01-30T12:31:34+00:00","og_image":[{"url":"https:\/\/ladorec.hu\/wp-content\/uploads\/2024\/01\/ovisok-1.jpg"}],"twitter_card":"summary_large_image","twitter_misc":{"Estimated reading time":"1 minute"},"schema":{"@context":"https:\/\/schema.org","@graph":[{"@type":"WebPage","@id":"https:\/\/ladorec.hu\/2019-10-01\/","url":"https:\/\/ladorec.hu\/2019-10-01\/","name":"2019.10.01. - https:\/\/ladorec.hu","isPartOf":{"@id":"https:\/\/ladorec.hu\/#website"},"primaryImageOfPage":{"@id":"https:\/\/ladorec.hu\/2019-10-01\/#primaryimage"},"image":{"@id":"https:\/\/ladorec.hu\/2019-10-01\/#primaryimage"},"thumbnailUrl":"https:\/\/ladorec.hu\/wp-content\/uploads\/2024\/01\/ovisok-1.jpg","datePublished":"2024-01-30T12:30:00+00:00","dateModified":"2024-01-30T12:31:34+00:00","description":"Egyszer\u0171 a k\u00fcldet\u00e9s\u00fcnk \u2013 egy \u00e9lhet\u0151bb \u00e9s jobb j\u00f6v\u0151\u00e9rt dolgozunk!","breadcrumb":{"@id":"https:\/\/ladorec.hu\/2019-10-01\/#breadcrumb"},"inLanguage":"en-GB","potentialAction":[{"@type":"ReadAction","target":["https:\/\/ladorec.hu\/2019-10-01\/"]}]},{"@type":"ImageObject","inLanguage":"en-GB","@id":"https:\/\/ladorec.hu\/2019-10-01\/#primaryimage","url":"https:\/\/ladorec.hu\/wp-content\/uploads\/2024\/01\/ovisok-1.jpg","contentUrl":"https:\/\/ladorec.hu\/wp-content\/uploads\/2024\/01\/ovisok-1.jpg"},{"@type":"BreadcrumbList","@id":"https:\/\/ladorec.hu\/2019-10-01\/#breadcrumb","itemListElement":[{"@type":"ListItem","position":1,"name":"Kezd\u0151lap","item":"https:\/\/ladorec.hu\/"},{"@type":"ListItem","position":2,"name":"2019.10.01."}]},{"@type":"WebSite","@id":"https:\/\/ladorec.hu\/#website","url":"https:\/\/ladorec.hu\/","name":"Lad\u00f3-Rec Kft.","description":"Egyszer\u0171 a k\u00fcldet\u00e9s\u00fcnk \u2013 egy \u00e9lhet\u0151bb \u00e9s jobb j\u00f6v\u0151\u00e9rt dolgozunk!","publisher":{"@id":"https:\/\/ladorec.hu\/#organization"},"alternateName":"ladorec.hu","potentialAction":[{"@type":"SearchAction","target":{"@type":"EntryPoint","urlTemplate":"https:\/\/ladorec.hu\/?s={search_term_string}"},"query-input":{"@type":"PropertyValueSpecification","valueRequired":true,"valueName":"search_term_string"}}],"inLanguage":"en-GB"},{"@type":"Organization","@id":"https:\/\/ladorec.hu\/#organization","name":"Lad\u00f3-Rec Kft.","url":"https:\/\/ladorec.hu\/","logo":{"@type":"ImageObject","inLanguage":"en-GB","@id":"https:\/\/ladorec.hu\/#\/schema\/logo\/image\/","url":"https:\/\/ladorec.hu\/wp-content\/uploads\/2024\/08\/logo-1.png","contentUrl":"https:\/\/ladorec.hu\/wp-content\/uploads\/2024\/08\/logo-1.png","width":64,"height":64,"caption":"Lad\u00f3-Rec Kft."},"image":{"@id":"https:\/\/ladorec.hu\/#\/schema\/logo\/image\/"},"sameAs":["https:\/\/www.facebook.com\/ladorec\/"]}]}},"_links":{"self":[{"href":"https:\/\/ladorec.hu\/en\/wp-json\/wp\/v2\/pages\/1720"}],"collection":[{"href":"https:\/\/ladorec.hu\/en\/wp-json\/wp\/v2\/pages"}],"about":[{"href":"https:\/\/ladorec.hu\/en\/wp-json\/wp\/v2\/types\/page"}],"author":[{"embeddable":true,"href":"https:\/\/ladorec.hu\/en\/wp-json\/wp\/v2\/users\/1"}],"replies":[{"embeddable":true,"href":"https:\/\/ladorec.hu\/en\/wp-json\/wp\/v2\/comments?post=1720"}],"version-history":[{"count":2,"href":"https:\/\/ladorec.hu\/en\/wp-json\/wp\/v2\/pages\/1720\/revisions"}],"predecessor-version":[{"id":1723,"href":"https:\/\/ladorec.hu\/en\/wp-json\/wp\/v2\/pages\/1720\/revisions\/1723"}],"wp:attachment":[{"href":"https:\/\/ladorec.hu\/en\/wp-json\/wp\/v2\/media?parent=1720"}],"curies":[{"name":"wp","href":"https:\/\/api.w.org\/{rel}","templated":true}]}}