{"id":2040,"date":"2026-03-18T13:33:03","date_gmt":"2026-03-18T13:33:03","guid":{"rendered":"https:\/\/ladorec.hu\/?page_id=2040"},"modified":"2026-03-19T07:46:05","modified_gmt":"2026-03-19T07:46:05","slug":"fahulladek-atvetel","status":"publish","type":"page","link":"https:\/\/ladorec.hu\/de\/sammlung-von-holzabfallen\/","title":{"rendered":"Sammlung von Holzabf\u00e4llen"},"content":{"rendered":"","protected":false},"excerpt":{"rendered":"","protected":false},"author":3,"featured_media":0,"parent":0,"menu_order":0,"comment_status":"closed","ping_status":"closed","template":"","meta":{"footnotes":"","_wp_rev_ctl_limit":""},"class_list":["post-2040","page","type-page","status-publish","hentry"],"yoast_head":"<!-- This site is optimized with the Yoast SEO Premium plugin v23.2 (Yoast SEO v23.5) - https:\/\/yoast.com\/wordpress\/plugins\/seo\/ -->\n<title>Fahullad\u00e9k \u00e1tv\u00e9tel - https:\/\/ladorec.hu<\/title>\n<meta name=\"description\" content=\"Fahullad\u00e9k \u00e1tv\u00e9tel c\u00e9gekt\u0151l \u00e9s mag\u00e1nszem\u00e9lyekt\u0151l egyar\u00e1nt, a jogszab\u00e1lyi el\u0151\u00edr\u00e1soknak megfelel\u0151en, koncesszi\u00f3s rendszerben.\" \/>\n<meta name=\"robots\" content=\"index, follow, max-snippet:-1, max-image-preview:large, max-video-preview:-1\" \/>\n<link rel=\"canonical\" href=\"https:\/\/ladorec.hu\/de\/sammlung-von-holzabfallen\/\" \/>\n<meta property=\"og:locale\" content=\"de_DE\" \/>\n<meta property=\"og:type\" content=\"article\" \/>\n<meta property=\"og:title\" content=\"Fahullad\u00e9k \u00e1tv\u00e9tel\" \/>\n<meta property=\"og:description\" content=\"Fahullad\u00e9k \u00e1tv\u00e9tel c\u00e9gekt\u0151l \u00e9s mag\u00e1nszem\u00e9lyekt\u0151l egyar\u00e1nt, a jogszab\u00e1lyi el\u0151\u00edr\u00e1soknak megfelel\u0151en, koncesszi\u00f3s rendszerben.\" \/>\n<meta property=\"og:url\" content=\"https:\/\/ladorec.hu\/de\/sammlung-von-holzabfallen\/\" \/>\n<meta property=\"og:site_name\" content=\"https:\/\/ladorec.hu\" \/>\n<meta property=\"article:publisher\" content=\"https:\/\/www.facebook.com\/ladorec\/\" \/>\n<meta property=\"article:modified_time\" content=\"2026-03-19T07:46:05+00:00\" \/>\n<meta property=\"og:image\" content=\"https:\/\/ladorec.hu\/wp-content\/uploads\/2024\/08\/logo-1.png\" \/>\n\t<meta property=\"og:image:width\" content=\"64\" \/>\n\t<meta property=\"og:image:height\" content=\"64\" \/>\n\t<meta property=\"og:image:type\" content=\"image\/png\" \/>\n<meta name=\"twitter:card\" content=\"summary_large_image\" \/>\n<script type=\"application\/ld+json\" class=\"yoast-schema-graph\">{\"@context\":\"https:\/\/schema.org\",\"@graph\":[{\"@type\":\"WebPage\",\"@id\":\"https:\/\/ladorec.hu\/fahulladek-atvetel\/\",\"url\":\"https:\/\/ladorec.hu\/fahulladek-atvetel\/\",\"name\":\"Fahullad\u00e9k \u00e1tv\u00e9tel - https:\/\/ladorec.hu\",\"isPartOf\":{\"@id\":\"https:\/\/ladorec.hu\/#website\"},\"datePublished\":\"2026-03-18T13:33:03+00:00\",\"dateModified\":\"2026-03-19T07:46:05+00:00\",\"description\":\"Fahullad\u00e9k \u00e1tv\u00e9tel c\u00e9gekt\u0151l \u00e9s mag\u00e1nszem\u00e9lyekt\u0151l egyar\u00e1nt, a jogszab\u00e1lyi el\u0151\u00edr\u00e1soknak megfelel\u0151en, koncesszi\u00f3s rendszerben.\",\"breadcrumb\":{\"@id\":\"https:\/\/ladorec.hu\/fahulladek-atvetel\/#breadcrumb\"},\"inLanguage\":\"de\",\"potentialAction\":[{\"@type\":\"ReadAction\",\"target\":[\"https:\/\/ladorec.hu\/fahulladek-atvetel\/\"]}]},{\"@type\":\"BreadcrumbList\",\"@id\":\"https:\/\/ladorec.hu\/fahulladek-atvetel\/#breadcrumb\",\"itemListElement\":[{\"@type\":\"ListItem\",\"position\":1,\"name\":\"Kezd\u0151lap\",\"item\":\"https:\/\/ladorec.hu\/\"},{\"@type\":\"ListItem\",\"position\":2,\"name\":\"Fahullad\u00e9k \u00e1tv\u00e9tel\"}]},{\"@type\":\"WebSite\",\"@id\":\"https:\/\/ladorec.hu\/#website\",\"url\":\"https:\/\/ladorec.hu\/\",\"name\":\"Lad\u00f3-Rec Kft.\",\"description\":\"Egyszer\u0171 a k\u00fcldet\u00e9s\u00fcnk \u2013 egy \u00e9lhet\u0151bb \u00e9s jobb j\u00f6v\u0151\u00e9rt dolgozunk!\",\"publisher\":{\"@id\":\"https:\/\/ladorec.hu\/#organization\"},\"alternateName\":\"ladorec.hu\",\"potentialAction\":[{\"@type\":\"SearchAction\",\"target\":{\"@type\":\"EntryPoint\",\"urlTemplate\":\"https:\/\/ladorec.hu\/?s={search_term_string}\"},\"query-input\":{\"@type\":\"PropertyValueSpecification\",\"valueRequired\":true,\"valueName\":\"search_term_string\"}}],\"inLanguage\":\"de\"},{\"@type\":\"Organization\",\"@id\":\"https:\/\/ladorec.hu\/#organization\",\"name\":\"Lad\u00f3-Rec Kft.\",\"url\":\"https:\/\/ladorec.hu\/\",\"logo\":{\"@type\":\"ImageObject\",\"inLanguage\":\"de\",\"@id\":\"https:\/\/ladorec.hu\/#\/schema\/logo\/image\/\",\"url\":\"https:\/\/ladorec.hu\/wp-content\/uploads\/2024\/08\/logo-1.png\",\"contentUrl\":\"https:\/\/ladorec.hu\/wp-content\/uploads\/2024\/08\/logo-1.png\",\"width\":64,\"height\":64,\"caption\":\"Lad\u00f3-Rec Kft.\"},\"image\":{\"@id\":\"https:\/\/ladorec.hu\/#\/schema\/logo\/image\/\"},\"sameAs\":[\"https:\/\/www.facebook.com\/ladorec\/\"]}]}<\/script>\n<!-- \/ Yoast SEO Premium plugin. -->","yoast_head_json":{"title":"Fahullad\u00e9k \u00e1tv\u00e9tel - https:\/\/ladorec.hu","description":"Fahullad\u00e9k \u00e1tv\u00e9tel c\u00e9gekt\u0151l \u00e9s mag\u00e1nszem\u00e9lyekt\u0151l egyar\u00e1nt, a jogszab\u00e1lyi el\u0151\u00edr\u00e1soknak megfelel\u0151en, koncesszi\u00f3s rendszerben.","robots":{"index":"index","follow":"follow","max-snippet":"max-snippet:-1","max-image-preview":"max-image-preview:large","max-video-preview":"max-video-preview:-1"},"canonical":"https:\/\/ladorec.hu\/de\/sammlung-von-holzabfallen\/","og_locale":"de_DE","og_type":"article","og_title":"Fahullad\u00e9k \u00e1tv\u00e9tel","og_description":"Fahullad\u00e9k \u00e1tv\u00e9tel c\u00e9gekt\u0151l \u00e9s mag\u00e1nszem\u00e9lyekt\u0151l egyar\u00e1nt, a jogszab\u00e1lyi el\u0151\u00edr\u00e1soknak megfelel\u0151en, koncesszi\u00f3s rendszerben.","og_url":"https:\/\/ladorec.hu\/de\/sammlung-von-holzabfallen\/","og_site_name":"https:\/\/ladorec.hu","article_publisher":"https:\/\/www.facebook.com\/ladorec\/","article_modified_time":"2026-03-19T07:46:05+00:00","og_image":[{"width":64,"height":64,"url":"https:\/\/ladorec.hu\/wp-content\/uploads\/2024\/08\/logo-1.png","type":"image\/png"}],"twitter_card":"summary_large_image","schema":{"@context":"https:\/\/schema.org","@graph":[{"@type":"WebPage","@id":"https:\/\/ladorec.hu\/fahulladek-atvetel\/","url":"https:\/\/ladorec.hu\/fahulladek-atvetel\/","name":"Fahullad\u00e9k \u00e1tv\u00e9tel - https:\/\/ladorec.hu","isPartOf":{"@id":"https:\/\/ladorec.hu\/#website"},"datePublished":"2026-03-18T13:33:03+00:00","dateModified":"2026-03-19T07:46:05+00:00","description":"Fahullad\u00e9k \u00e1tv\u00e9tel c\u00e9gekt\u0151l \u00e9s mag\u00e1nszem\u00e9lyekt\u0151l egyar\u00e1nt, a jogszab\u00e1lyi el\u0151\u00edr\u00e1soknak megfelel\u0151en, koncesszi\u00f3s rendszerben.","breadcrumb":{"@id":"https:\/\/ladorec.hu\/fahulladek-atvetel\/#breadcrumb"},"inLanguage":"de","potentialAction":[{"@type":"ReadAction","target":["https:\/\/ladorec.hu\/fahulladek-atvetel\/"]}]},{"@type":"BreadcrumbList","@id":"https:\/\/ladorec.hu\/fahulladek-atvetel\/#breadcrumb","itemListElement":[{"@type":"ListItem","position":1,"name":"Kezd\u0151lap","item":"https:\/\/ladorec.hu\/"},{"@type":"ListItem","position":2,"name":"Fahullad\u00e9k \u00e1tv\u00e9tel"}]},{"@type":"WebSite","@id":"https:\/\/ladorec.hu\/#website","url":"https:\/\/ladorec.hu\/","name":"Lad\u00f3-Rec Kft.","description":"Egyszer\u0171 a k\u00fcldet\u00e9s\u00fcnk \u2013 egy \u00e9lhet\u0151bb \u00e9s jobb j\u00f6v\u0151\u00e9rt dolgozunk!","publisher":{"@id":"https:\/\/ladorec.hu\/#organization"},"alternateName":"ladorec.hu","potentialAction":[{"@type":"SearchAction","target":{"@type":"EntryPoint","urlTemplate":"https:\/\/ladorec.hu\/?s={search_term_string}"},"query-input":{"@type":"PropertyValueSpecification","valueRequired":true,"valueName":"search_term_string"}}],"inLanguage":"de"},{"@type":"Organization","@id":"https:\/\/ladorec.hu\/#organization","name":"Lad\u00f3-Rec Kft.","url":"https:\/\/ladorec.hu\/","logo":{"@type":"ImageObject","inLanguage":"de","@id":"https:\/\/ladorec.hu\/#\/schema\/logo\/image\/","url":"https:\/\/ladorec.hu\/wp-content\/uploads\/2024\/08\/logo-1.png","contentUrl":"https:\/\/ladorec.hu\/wp-content\/uploads\/2024\/08\/logo-1.png","width":64,"height":64,"caption":"Lad\u00f3-Rec Kft."},"image":{"@id":"https:\/\/ladorec.hu\/#\/schema\/logo\/image\/"},"sameAs":["https:\/\/www.facebook.com\/ladorec\/"]}]}},"_links":{"self":[{"href":"https:\/\/ladorec.hu\/de\/wp-json\/wp\/v2\/pages\/2040"}],"collection":[{"href":"https:\/\/ladorec.hu\/de\/wp-json\/wp\/v2\/pages"}],"about":[{"href":"https:\/\/ladorec.hu\/de\/wp-json\/wp\/v2\/types\/page"}],"author":[{"embeddable":true,"href":"https:\/\/ladorec.hu\/de\/wp-json\/wp\/v2\/users\/3"}],"replies":[{"embeddable":true,"href":"https:\/\/ladorec.hu\/de\/wp-json\/wp\/v2\/comments?post=2040"}],"version-history":[{"count":1,"href":"https:\/\/ladorec.hu\/de\/wp-json\/wp\/v2\/pages\/2040\/revisions"}],"predecessor-version":[{"id":2041,"href":"https:\/\/ladorec.hu\/de\/wp-json\/wp\/v2\/pages\/2040\/revisions\/2041"}],"wp:attachment":[{"href":"https:\/\/ladorec.hu\/de\/wp-json\/wp\/v2\/media?parent=2040"}],"curies":[{"name":"wp","href":"https:\/\/api.w.org\/{rel}","templated":true}]}}