{"id":1771,"date":"2024-05-24T13:04:26","date_gmt":"2024-05-24T13:04:26","guid":{"rendered":"https:\/\/ladorec.hu\/?page_id=1771"},"modified":"2024-10-01T08:44:45","modified_gmt":"2024-10-01T08:44:45","slug":"muanyag-hulladek-felvasarlas","status":"publish","type":"page","link":"https:\/\/ladorec.hu\/de\/plastikleichen-in-eisenerz\/","title":{"rendered":"Ankauf von Kunststoffabf\u00e4llen"},"content":{"rendered":"","protected":false},"excerpt":{"rendered":"","protected":false},"author":1,"featured_media":0,"parent":0,"menu_order":0,"comment_status":"closed","ping_status":"closed","template":"","meta":{"footnotes":"","_wp_rev_ctl_limit":""},"class_list":["post-1771","page","type-page","status-publish","hentry"],"yoast_head":"<!-- This site is optimized with the Yoast SEO Premium plugin v23.2 (Yoast SEO v23.5) - https:\/\/yoast.com\/wordpress\/plugins\/seo\/ -->\n<title>M\u0171anyaghullad\u00e9k felv\u00e1s\u00e1rl\u00e1s - https:\/\/ladorec.hu<\/title>\n<meta name=\"description\" content=\"A m\u0171anyag hullad\u00e9k felv\u00e1s\u00e1rl\u00e1s jelent\u0151s \u00e9rt\u00e9kkel b\u00edr, ha megfelel\u0151en t\u00f6rt\u00e9nik a begy\u0171jt\u00e9s \u00e9s az \u00fajrahasznos\u00edt\u00e1s. \u00d3vjuk k\u00f6rnyezet\u00fcnket a j\u00f6v\u0151 nemzed\u00e9keinek.\" \/>\n<meta name=\"robots\" content=\"index, follow, max-snippet:-1, max-image-preview:large, max-video-preview:-1\" \/>\n<link rel=\"canonical\" href=\"https:\/\/ladorec.hu\/de\/plastikleichen-in-eisenerz\/\" \/>\n<meta property=\"og:locale\" content=\"de_DE\" \/>\n<meta property=\"og:type\" content=\"article\" \/>\n<meta property=\"og:title\" content=\"M\u0171anyaghullad\u00e9k felv\u00e1s\u00e1rl\u00e1s\" \/>\n<meta property=\"og:description\" content=\"A m\u0171anyag hullad\u00e9k felv\u00e1s\u00e1rl\u00e1s jelent\u0151s \u00e9rt\u00e9kkel b\u00edr, ha megfelel\u0151en t\u00f6rt\u00e9nik a begy\u0171jt\u00e9s \u00e9s az \u00fajrahasznos\u00edt\u00e1s. \u00d3vjuk k\u00f6rnyezet\u00fcnket a j\u00f6v\u0151 nemzed\u00e9keinek.\" \/>\n<meta property=\"og:url\" content=\"https:\/\/ladorec.hu\/de\/plastikleichen-in-eisenerz\/\" \/>\n<meta property=\"og:site_name\" content=\"https:\/\/ladorec.hu\" \/>\n<meta property=\"article:publisher\" content=\"https:\/\/www.facebook.com\/ladorec\/\" \/>\n<meta property=\"article:modified_time\" content=\"2024-10-01T08:44:45+00:00\" \/>\n<meta property=\"og:image\" content=\"https:\/\/ladorec.hu\/wp-content\/uploads\/2024\/08\/logo-1.png\" \/>\n\t<meta property=\"og:image:width\" content=\"64\" \/>\n\t<meta property=\"og:image:height\" content=\"64\" \/>\n\t<meta property=\"og:image:type\" content=\"image\/png\" \/>\n<meta name=\"twitter:card\" content=\"summary_large_image\" \/>\n<script type=\"application\/ld+json\" class=\"yoast-schema-graph\">{\"@context\":\"https:\/\/schema.org\",\"@graph\":[{\"@type\":\"WebPage\",\"@id\":\"https:\/\/ladorec.hu\/muanyag-hulladek-felvasarlas\/\",\"url\":\"https:\/\/ladorec.hu\/muanyag-hulladek-felvasarlas\/\",\"name\":\"M\u0171anyaghullad\u00e9k felv\u00e1s\u00e1rl\u00e1s - https:\/\/ladorec.hu\",\"isPartOf\":{\"@id\":\"https:\/\/ladorec.hu\/#website\"},\"datePublished\":\"2024-05-24T13:04:26+00:00\",\"dateModified\":\"2024-10-01T08:44:45+00:00\",\"description\":\"A m\u0171anyag hullad\u00e9k felv\u00e1s\u00e1rl\u00e1s jelent\u0151s \u00e9rt\u00e9kkel b\u00edr, ha megfelel\u0151en t\u00f6rt\u00e9nik a begy\u0171jt\u00e9s \u00e9s az \u00fajrahasznos\u00edt\u00e1s. \u00d3vjuk k\u00f6rnyezet\u00fcnket a j\u00f6v\u0151 nemzed\u00e9keinek.\",\"breadcrumb\":{\"@id\":\"https:\/\/ladorec.hu\/muanyag-hulladek-felvasarlas\/#breadcrumb\"},\"inLanguage\":\"de\",\"potentialAction\":[{\"@type\":\"ReadAction\",\"target\":[\"https:\/\/ladorec.hu\/muanyag-hulladek-felvasarlas\/\"]}]},{\"@type\":\"BreadcrumbList\",\"@id\":\"https:\/\/ladorec.hu\/muanyag-hulladek-felvasarlas\/#breadcrumb\",\"itemListElement\":[{\"@type\":\"ListItem\",\"position\":1,\"name\":\"Kezd\u0151lap\",\"item\":\"https:\/\/ladorec.hu\/\"},{\"@type\":\"ListItem\",\"position\":2,\"name\":\"M\u0171anyaghullad\u00e9k felv\u00e1s\u00e1rl\u00e1s\"}]},{\"@type\":\"WebSite\",\"@id\":\"https:\/\/ladorec.hu\/#website\",\"url\":\"https:\/\/ladorec.hu\/\",\"name\":\"Lad\u00f3-Rec Kft.\",\"description\":\"Egyszer\u0171 a k\u00fcldet\u00e9s\u00fcnk \u2013 egy \u00e9lhet\u0151bb \u00e9s jobb j\u00f6v\u0151\u00e9rt dolgozunk!\",\"publisher\":{\"@id\":\"https:\/\/ladorec.hu\/#organization\"},\"alternateName\":\"ladorec.hu\",\"potentialAction\":[{\"@type\":\"SearchAction\",\"target\":{\"@type\":\"EntryPoint\",\"urlTemplate\":\"https:\/\/ladorec.hu\/?s={search_term_string}\"},\"query-input\":{\"@type\":\"PropertyValueSpecification\",\"valueRequired\":true,\"valueName\":\"search_term_string\"}}],\"inLanguage\":\"de\"},{\"@type\":\"Organization\",\"@id\":\"https:\/\/ladorec.hu\/#organization\",\"name\":\"Lad\u00f3-Rec Kft.\",\"url\":\"https:\/\/ladorec.hu\/\",\"logo\":{\"@type\":\"ImageObject\",\"inLanguage\":\"de\",\"@id\":\"https:\/\/ladorec.hu\/#\/schema\/logo\/image\/\",\"url\":\"https:\/\/ladorec.hu\/wp-content\/uploads\/2024\/08\/logo-1.png\",\"contentUrl\":\"https:\/\/ladorec.hu\/wp-content\/uploads\/2024\/08\/logo-1.png\",\"width\":64,\"height\":64,\"caption\":\"Lad\u00f3-Rec Kft.\"},\"image\":{\"@id\":\"https:\/\/ladorec.hu\/#\/schema\/logo\/image\/\"},\"sameAs\":[\"https:\/\/www.facebook.com\/ladorec\/\"]}]}<\/script>\n<!-- \/ Yoast SEO Premium plugin. -->","yoast_head_json":{"title":"M\u0171anyaghullad\u00e9k felv\u00e1s\u00e1rl\u00e1s - https:\/\/ladorec.hu","description":"A m\u0171anyag hullad\u00e9k felv\u00e1s\u00e1rl\u00e1s jelent\u0151s \u00e9rt\u00e9kkel b\u00edr, ha megfelel\u0151en t\u00f6rt\u00e9nik a begy\u0171jt\u00e9s \u00e9s az \u00fajrahasznos\u00edt\u00e1s. \u00d3vjuk k\u00f6rnyezet\u00fcnket a j\u00f6v\u0151 nemzed\u00e9keinek.","robots":{"index":"index","follow":"follow","max-snippet":"max-snippet:-1","max-image-preview":"max-image-preview:large","max-video-preview":"max-video-preview:-1"},"canonical":"https:\/\/ladorec.hu\/de\/plastikleichen-in-eisenerz\/","og_locale":"de_DE","og_type":"article","og_title":"M\u0171anyaghullad\u00e9k felv\u00e1s\u00e1rl\u00e1s","og_description":"A m\u0171anyag hullad\u00e9k felv\u00e1s\u00e1rl\u00e1s jelent\u0151s \u00e9rt\u00e9kkel b\u00edr, ha megfelel\u0151en t\u00f6rt\u00e9nik a begy\u0171jt\u00e9s \u00e9s az \u00fajrahasznos\u00edt\u00e1s. \u00d3vjuk k\u00f6rnyezet\u00fcnket a j\u00f6v\u0151 nemzed\u00e9keinek.","og_url":"https:\/\/ladorec.hu\/de\/plastikleichen-in-eisenerz\/","og_site_name":"https:\/\/ladorec.hu","article_publisher":"https:\/\/www.facebook.com\/ladorec\/","article_modified_time":"2024-10-01T08:44:45+00:00","og_image":[{"width":64,"height":64,"url":"https:\/\/ladorec.hu\/wp-content\/uploads\/2024\/08\/logo-1.png","type":"image\/png"}],"twitter_card":"summary_large_image","schema":{"@context":"https:\/\/schema.org","@graph":[{"@type":"WebPage","@id":"https:\/\/ladorec.hu\/muanyag-hulladek-felvasarlas\/","url":"https:\/\/ladorec.hu\/muanyag-hulladek-felvasarlas\/","name":"M\u0171anyaghullad\u00e9k felv\u00e1s\u00e1rl\u00e1s - https:\/\/ladorec.hu","isPartOf":{"@id":"https:\/\/ladorec.hu\/#website"},"datePublished":"2024-05-24T13:04:26+00:00","dateModified":"2024-10-01T08:44:45+00:00","description":"A m\u0171anyag hullad\u00e9k felv\u00e1s\u00e1rl\u00e1s jelent\u0151s \u00e9rt\u00e9kkel b\u00edr, ha megfelel\u0151en t\u00f6rt\u00e9nik a begy\u0171jt\u00e9s \u00e9s az \u00fajrahasznos\u00edt\u00e1s. \u00d3vjuk k\u00f6rnyezet\u00fcnket a j\u00f6v\u0151 nemzed\u00e9keinek.","breadcrumb":{"@id":"https:\/\/ladorec.hu\/muanyag-hulladek-felvasarlas\/#breadcrumb"},"inLanguage":"de","potentialAction":[{"@type":"ReadAction","target":["https:\/\/ladorec.hu\/muanyag-hulladek-felvasarlas\/"]}]},{"@type":"BreadcrumbList","@id":"https:\/\/ladorec.hu\/muanyag-hulladek-felvasarlas\/#breadcrumb","itemListElement":[{"@type":"ListItem","position":1,"name":"Kezd\u0151lap","item":"https:\/\/ladorec.hu\/"},{"@type":"ListItem","position":2,"name":"M\u0171anyaghullad\u00e9k felv\u00e1s\u00e1rl\u00e1s"}]},{"@type":"WebSite","@id":"https:\/\/ladorec.hu\/#website","url":"https:\/\/ladorec.hu\/","name":"Lad\u00f3-Rec Kft.","description":"Egyszer\u0171 a k\u00fcldet\u00e9s\u00fcnk \u2013 egy \u00e9lhet\u0151bb \u00e9s jobb j\u00f6v\u0151\u00e9rt dolgozunk!","publisher":{"@id":"https:\/\/ladorec.hu\/#organization"},"alternateName":"ladorec.hu","potentialAction":[{"@type":"SearchAction","target":{"@type":"EntryPoint","urlTemplate":"https:\/\/ladorec.hu\/?s={search_term_string}"},"query-input":{"@type":"PropertyValueSpecification","valueRequired":true,"valueName":"search_term_string"}}],"inLanguage":"de"},{"@type":"Organization","@id":"https:\/\/ladorec.hu\/#organization","name":"Lad\u00f3-Rec Kft.","url":"https:\/\/ladorec.hu\/","logo":{"@type":"ImageObject","inLanguage":"de","@id":"https:\/\/ladorec.hu\/#\/schema\/logo\/image\/","url":"https:\/\/ladorec.hu\/wp-content\/uploads\/2024\/08\/logo-1.png","contentUrl":"https:\/\/ladorec.hu\/wp-content\/uploads\/2024\/08\/logo-1.png","width":64,"height":64,"caption":"Lad\u00f3-Rec Kft."},"image":{"@id":"https:\/\/ladorec.hu\/#\/schema\/logo\/image\/"},"sameAs":["https:\/\/www.facebook.com\/ladorec\/"]}]}},"_links":{"self":[{"href":"https:\/\/ladorec.hu\/de\/wp-json\/wp\/v2\/pages\/1771"}],"collection":[{"href":"https:\/\/ladorec.hu\/de\/wp-json\/wp\/v2\/pages"}],"about":[{"href":"https:\/\/ladorec.hu\/de\/wp-json\/wp\/v2\/types\/page"}],"author":[{"embeddable":true,"href":"https:\/\/ladorec.hu\/de\/wp-json\/wp\/v2\/users\/1"}],"replies":[{"embeddable":true,"href":"https:\/\/ladorec.hu\/de\/wp-json\/wp\/v2\/comments?post=1771"}],"version-history":[{"count":2,"href":"https:\/\/ladorec.hu\/de\/wp-json\/wp\/v2\/pages\/1771\/revisions"}],"predecessor-version":[{"id":1805,"href":"https:\/\/ladorec.hu\/de\/wp-json\/wp\/v2\/pages\/1771\/revisions\/1805"}],"wp:attachment":[{"href":"https:\/\/ladorec.hu\/de\/wp-json\/wp\/v2\/media?parent=1771"}],"curies":[{"name":"wp","href":"https:\/\/api.w.org\/{rel}","templated":true}]}}