{"id":1735,"date":"2024-01-30T12:40:51","date_gmt":"2024-01-30T12:40:51","guid":{"rendered":"https:\/\/ladorec.hu\/?page_id=1735"},"modified":"2024-01-30T12:41:44","modified_gmt":"2024-01-30T12:41:44","slug":"2018-09-21","status":"publish","type":"page","link":"https:\/\/ladorec.hu\/de\/2018-09-21\/","title":{"rendered":"2018.09.21"},"content":{"rendered":"<h3>Besuch des Kindergartens Balotasz\u00e1ll\u00e1s<\/h3>\n<p><img loading=\"lazy\" decoding=\"async\" class=\"alignnone  wp-image-1737\" src=\"https:\/\/ladorec.hu\/wp-content\/uploads\/2024\/01\/img_sajto_09-1.jpg\" alt=\"\" width=\"983\" height=\"590\" srcset=\"https:\/\/ladorec.hu\/wp-content\/uploads\/2024\/01\/img_sajto_09-1.jpg 500w, https:\/\/ladorec.hu\/wp-content\/uploads\/2024\/01\/img_sajto_09-1-300x180.jpg 300w, https:\/\/ladorec.hu\/wp-content\/uploads\/2024\/01\/img_sajto_09-1-125x75.jpg 125w, https:\/\/ladorec.hu\/wp-content\/uploads\/2024\/01\/img_sajto_09-1-480x288.jpg 480w\" sizes=\"(max-width:767px) 480px, (max-width:983px) 100vw, 983px\" \/><\/p>\n<p>Am 21. September 2018 begr\u00fc\u00dfte unser Unternehmen die Kindergartenkinder der Kindertagesst\u00e4tte Balotasz\u00e1ll\u00e1s und die Kinderg\u00e4rtnerinnen!<\/p>\n<p>Bemutattuk nekik t\u00e1rsas\u00e1gunk tev\u00e9kenys\u00e9g\u00e9t, megmutattuk a telephelyet, g\u00e9peket- besz\u00e9lgett\u00fcnk k\u00f6rnyezetv\u00e9delemr\u0151l, annak fontoss\u00e1g\u00e1r\u00f3l valamint a gyerekek r\u00e9szt vehettek a gyakorlatban is egy &#8211; egy folyamatban! \ud83d\ude42<\/p>\n<p>A tudatoss\u00e1gra nevel\u00e9st nem lehet el\u00e9g kor\u00e1n kezdeni, fontos, hogy m\u00e1r eg\u00e9szen kiskorukt\u00f3l pr\u00f3b\u00e1ljuk abba az ir\u00e1nyba terelni a gyerekeket, hogy odafigyeljenek a k\u00f6rnyezet\u00fckre.<\/p>\n<p>Nem hatalmas lemond\u00e1sokra gondolunk, csup\u00e1n olyan apr\u00f3s\u00e1gokra, amelyeket m\u00e1r kiskorban is elsaj\u00e1t\u00edthatnak &#8211; ez\u00e1ltal bel\u00e9j\u00fck iv\u00f3dik a gondolat: \u0151k is felel\u0151sek a hely\u00e9rt, ahol \u00e9lnek!<\/p>\n<p>Legy\u00fcnk mi a j\u00f3 p\u00e9lda!<\/p>\n<p>\u00c9lm\u00e9ny volt ez a d\u00e9lel\u0151tt, nagyon k\u00f6sz\u00f6nj\u00fck, hogy elj\u00f6ttek hozz\u00e1nk! \ud83d\ude42<\/p>\n<p>V\u00e1runk minden tov\u00e1bbi \u00e9rdekl\u0151d\u0151t nagy szeretettel! \ud83d\ude42<\/p>\n<p><a href=\"https:\/\/www.facebook.com\/ladorec\/posts\/288926038418111\">Facebook<\/a><\/p>","protected":false},"excerpt":{"rendered":"<p>Balotasz\u00e1ll\u00e1si Napk\u00f6ziotthonos \u00d3voda l\u00e1togat\u00e1sa T\u00e1rsas\u00e1gunk 2018. szeptember 21. napj\u00e1n nagy szeretettel fogadta<span class=\"excerpt-hellip\"> [\u2026]<\/span><\/p>","protected":false},"author":1,"featured_media":0,"parent":0,"menu_order":0,"comment_status":"closed","ping_status":"closed","template":"","meta":{"footnotes":"","_wp_rev_ctl_limit":""},"class_list":["post-1735","page","type-page","status-publish","hentry"],"yoast_head":"<!-- This site is optimized with the Yoast SEO Premium plugin v23.2 (Yoast SEO v23.5) - https:\/\/yoast.com\/wordpress\/plugins\/seo\/ -->\n<title>2018.09.21 - https:\/\/ladorec.hu<\/title>\n<meta name=\"description\" content=\"Egyszer\u0171 a k\u00fcldet\u00e9s\u00fcnk \u2013 egy \u00e9lhet\u0151bb \u00e9s jobb j\u00f6v\u0151\u00e9rt dolgozunk!\" \/>\n<meta name=\"robots\" content=\"index, follow, max-snippet:-1, max-image-preview:large, max-video-preview:-1\" \/>\n<link rel=\"canonical\" href=\"https:\/\/ladorec.hu\/de\/2018-09-21\/\" \/>\n<meta property=\"og:locale\" content=\"de_DE\" \/>\n<meta property=\"og:type\" content=\"article\" \/>\n<meta property=\"og:title\" content=\"2018.09.21\" \/>\n<meta property=\"og:description\" content=\"Egyszer\u0171 a k\u00fcldet\u00e9s\u00fcnk \u2013 egy \u00e9lhet\u0151bb \u00e9s jobb j\u00f6v\u0151\u00e9rt dolgozunk!\" \/>\n<meta property=\"og:url\" content=\"https:\/\/ladorec.hu\/de\/2018-09-21\/\" \/>\n<meta property=\"og:site_name\" content=\"https:\/\/ladorec.hu\" \/>\n<meta property=\"article:publisher\" content=\"https:\/\/www.facebook.com\/ladorec\/\" \/>\n<meta property=\"article:modified_time\" content=\"2024-01-30T12:41:44+00:00\" \/>\n<meta property=\"og:image\" content=\"https:\/\/ladorec.hu\/wp-content\/uploads\/2024\/01\/img_sajto_09-1.jpg\" \/>\n<meta name=\"twitter:card\" content=\"summary_large_image\" \/>\n<meta name=\"twitter:label1\" content=\"Gesch\u00e4tzte Lesezeit\" \/>\n\t<meta name=\"twitter:data1\" content=\"1\u00a0Minute\" \/>\n<script type=\"application\/ld+json\" class=\"yoast-schema-graph\">{\"@context\":\"https:\/\/schema.org\",\"@graph\":[{\"@type\":\"WebPage\",\"@id\":\"https:\/\/ladorec.hu\/2018-09-21\/\",\"url\":\"https:\/\/ladorec.hu\/2018-09-21\/\",\"name\":\"2018.09.21 - https:\/\/ladorec.hu\",\"isPartOf\":{\"@id\":\"https:\/\/ladorec.hu\/#website\"},\"primaryImageOfPage\":{\"@id\":\"https:\/\/ladorec.hu\/2018-09-21\/#primaryimage\"},\"image\":{\"@id\":\"https:\/\/ladorec.hu\/2018-09-21\/#primaryimage\"},\"thumbnailUrl\":\"https:\/\/ladorec.hu\/wp-content\/uploads\/2024\/01\/img_sajto_09-1.jpg\",\"datePublished\":\"2024-01-30T12:40:51+00:00\",\"dateModified\":\"2024-01-30T12:41:44+00:00\",\"description\":\"Egyszer\u0171 a k\u00fcldet\u00e9s\u00fcnk \u2013 egy \u00e9lhet\u0151bb \u00e9s jobb j\u00f6v\u0151\u00e9rt dolgozunk!\",\"breadcrumb\":{\"@id\":\"https:\/\/ladorec.hu\/2018-09-21\/#breadcrumb\"},\"inLanguage\":\"de\",\"potentialAction\":[{\"@type\":\"ReadAction\",\"target\":[\"https:\/\/ladorec.hu\/2018-09-21\/\"]}]},{\"@type\":\"ImageObject\",\"inLanguage\":\"de\",\"@id\":\"https:\/\/ladorec.hu\/2018-09-21\/#primaryimage\",\"url\":\"https:\/\/ladorec.hu\/wp-content\/uploads\/2024\/01\/img_sajto_09-1.jpg\",\"contentUrl\":\"https:\/\/ladorec.hu\/wp-content\/uploads\/2024\/01\/img_sajto_09-1.jpg\"},{\"@type\":\"BreadcrumbList\",\"@id\":\"https:\/\/ladorec.hu\/2018-09-21\/#breadcrumb\",\"itemListElement\":[{\"@type\":\"ListItem\",\"position\":1,\"name\":\"Kezd\u0151lap\",\"item\":\"https:\/\/ladorec.hu\/\"},{\"@type\":\"ListItem\",\"position\":2,\"name\":\"2018.09.21\"}]},{\"@type\":\"WebSite\",\"@id\":\"https:\/\/ladorec.hu\/#website\",\"url\":\"https:\/\/ladorec.hu\/\",\"name\":\"Lad\u00f3-Rec Kft.\",\"description\":\"Egyszer\u0171 a k\u00fcldet\u00e9s\u00fcnk \u2013 egy \u00e9lhet\u0151bb \u00e9s jobb j\u00f6v\u0151\u00e9rt dolgozunk!\",\"publisher\":{\"@id\":\"https:\/\/ladorec.hu\/#organization\"},\"alternateName\":\"ladorec.hu\",\"potentialAction\":[{\"@type\":\"SearchAction\",\"target\":{\"@type\":\"EntryPoint\",\"urlTemplate\":\"https:\/\/ladorec.hu\/?s={search_term_string}\"},\"query-input\":{\"@type\":\"PropertyValueSpecification\",\"valueRequired\":true,\"valueName\":\"search_term_string\"}}],\"inLanguage\":\"de\"},{\"@type\":\"Organization\",\"@id\":\"https:\/\/ladorec.hu\/#organization\",\"name\":\"Lad\u00f3-Rec Kft.\",\"url\":\"https:\/\/ladorec.hu\/\",\"logo\":{\"@type\":\"ImageObject\",\"inLanguage\":\"de\",\"@id\":\"https:\/\/ladorec.hu\/#\/schema\/logo\/image\/\",\"url\":\"https:\/\/ladorec.hu\/wp-content\/uploads\/2024\/08\/logo-1.png\",\"contentUrl\":\"https:\/\/ladorec.hu\/wp-content\/uploads\/2024\/08\/logo-1.png\",\"width\":64,\"height\":64,\"caption\":\"Lad\u00f3-Rec Kft.\"},\"image\":{\"@id\":\"https:\/\/ladorec.hu\/#\/schema\/logo\/image\/\"},\"sameAs\":[\"https:\/\/www.facebook.com\/ladorec\/\"]}]}<\/script>\n<!-- \/ Yoast SEO Premium plugin. -->","yoast_head_json":{"title":"2018.09.21 - https:\/\/ladorec.hu","description":"Egyszer\u0171 a k\u00fcldet\u00e9s\u00fcnk \u2013 egy \u00e9lhet\u0151bb \u00e9s jobb j\u00f6v\u0151\u00e9rt dolgozunk!","robots":{"index":"index","follow":"follow","max-snippet":"max-snippet:-1","max-image-preview":"max-image-preview:large","max-video-preview":"max-video-preview:-1"},"canonical":"https:\/\/ladorec.hu\/de\/2018-09-21\/","og_locale":"de_DE","og_type":"article","og_title":"2018.09.21","og_description":"Egyszer\u0171 a k\u00fcldet\u00e9s\u00fcnk \u2013 egy \u00e9lhet\u0151bb \u00e9s jobb j\u00f6v\u0151\u00e9rt dolgozunk!","og_url":"https:\/\/ladorec.hu\/de\/2018-09-21\/","og_site_name":"https:\/\/ladorec.hu","article_publisher":"https:\/\/www.facebook.com\/ladorec\/","article_modified_time":"2024-01-30T12:41:44+00:00","og_image":[{"url":"https:\/\/ladorec.hu\/wp-content\/uploads\/2024\/01\/img_sajto_09-1.jpg"}],"twitter_card":"summary_large_image","twitter_misc":{"Gesch\u00e4tzte Lesezeit":"1\u00a0Minute"},"schema":{"@context":"https:\/\/schema.org","@graph":[{"@type":"WebPage","@id":"https:\/\/ladorec.hu\/2018-09-21\/","url":"https:\/\/ladorec.hu\/2018-09-21\/","name":"2018.09.21 - https:\/\/ladorec.hu","isPartOf":{"@id":"https:\/\/ladorec.hu\/#website"},"primaryImageOfPage":{"@id":"https:\/\/ladorec.hu\/2018-09-21\/#primaryimage"},"image":{"@id":"https:\/\/ladorec.hu\/2018-09-21\/#primaryimage"},"thumbnailUrl":"https:\/\/ladorec.hu\/wp-content\/uploads\/2024\/01\/img_sajto_09-1.jpg","datePublished":"2024-01-30T12:40:51+00:00","dateModified":"2024-01-30T12:41:44+00:00","description":"Egyszer\u0171 a k\u00fcldet\u00e9s\u00fcnk \u2013 egy \u00e9lhet\u0151bb \u00e9s jobb j\u00f6v\u0151\u00e9rt dolgozunk!","breadcrumb":{"@id":"https:\/\/ladorec.hu\/2018-09-21\/#breadcrumb"},"inLanguage":"de","potentialAction":[{"@type":"ReadAction","target":["https:\/\/ladorec.hu\/2018-09-21\/"]}]},{"@type":"ImageObject","inLanguage":"de","@id":"https:\/\/ladorec.hu\/2018-09-21\/#primaryimage","url":"https:\/\/ladorec.hu\/wp-content\/uploads\/2024\/01\/img_sajto_09-1.jpg","contentUrl":"https:\/\/ladorec.hu\/wp-content\/uploads\/2024\/01\/img_sajto_09-1.jpg"},{"@type":"BreadcrumbList","@id":"https:\/\/ladorec.hu\/2018-09-21\/#breadcrumb","itemListElement":[{"@type":"ListItem","position":1,"name":"Kezd\u0151lap","item":"https:\/\/ladorec.hu\/"},{"@type":"ListItem","position":2,"name":"2018.09.21"}]},{"@type":"WebSite","@id":"https:\/\/ladorec.hu\/#website","url":"https:\/\/ladorec.hu\/","name":"Lad\u00f3-Rec Kft.","description":"Egyszer\u0171 a k\u00fcldet\u00e9s\u00fcnk \u2013 egy \u00e9lhet\u0151bb \u00e9s jobb j\u00f6v\u0151\u00e9rt dolgozunk!","publisher":{"@id":"https:\/\/ladorec.hu\/#organization"},"alternateName":"ladorec.hu","potentialAction":[{"@type":"SearchAction","target":{"@type":"EntryPoint","urlTemplate":"https:\/\/ladorec.hu\/?s={search_term_string}"},"query-input":{"@type":"PropertyValueSpecification","valueRequired":true,"valueName":"search_term_string"}}],"inLanguage":"de"},{"@type":"Organization","@id":"https:\/\/ladorec.hu\/#organization","name":"Lad\u00f3-Rec Kft.","url":"https:\/\/ladorec.hu\/","logo":{"@type":"ImageObject","inLanguage":"de","@id":"https:\/\/ladorec.hu\/#\/schema\/logo\/image\/","url":"https:\/\/ladorec.hu\/wp-content\/uploads\/2024\/08\/logo-1.png","contentUrl":"https:\/\/ladorec.hu\/wp-content\/uploads\/2024\/08\/logo-1.png","width":64,"height":64,"caption":"Lad\u00f3-Rec Kft."},"image":{"@id":"https:\/\/ladorec.hu\/#\/schema\/logo\/image\/"},"sameAs":["https:\/\/www.facebook.com\/ladorec\/"]}]}},"_links":{"self":[{"href":"https:\/\/ladorec.hu\/de\/wp-json\/wp\/v2\/pages\/1735"}],"collection":[{"href":"https:\/\/ladorec.hu\/de\/wp-json\/wp\/v2\/pages"}],"about":[{"href":"https:\/\/ladorec.hu\/de\/wp-json\/wp\/v2\/types\/page"}],"author":[{"embeddable":true,"href":"https:\/\/ladorec.hu\/de\/wp-json\/wp\/v2\/users\/1"}],"replies":[{"embeddable":true,"href":"https:\/\/ladorec.hu\/de\/wp-json\/wp\/v2\/comments?post=1735"}],"version-history":[{"count":2,"href":"https:\/\/ladorec.hu\/de\/wp-json\/wp\/v2\/pages\/1735\/revisions"}],"predecessor-version":[{"id":1738,"href":"https:\/\/ladorec.hu\/de\/wp-json\/wp\/v2\/pages\/1735\/revisions\/1738"}],"wp:attachment":[{"href":"https:\/\/ladorec.hu\/de\/wp-json\/wp\/v2\/media?parent=1735"}],"curies":[{"name":"wp","href":"https:\/\/api.w.org\/{rel}","templated":true}]}}